{"id":3,"date":"2022-08-20T12:35:18","date_gmt":"2022-08-20T03:35:18","guid":{"rendered":"https:\/\/proda.tk\/?page_id=3"},"modified":"2022-09-08T00:15:29","modified_gmt":"2022-09-07T15:15:29","slug":"privacy-policy","status":"publish","type":"page","link":"https:\/\/prodskill.com\/es\/privacy-policy\/","title":{"rendered":"pol\u00edtica de privacidad"},"content":{"rendered":"<div id=\"ez-toc-container\" class=\"ez-toc-v2_0_82_2 counter-hierarchy ez-toc-counter ez-toc-grey ez-toc-container-direction\">\n<div class=\"ez-toc-title-container\">\n<p class=\"ez-toc-title\" style=\"cursor:inherit\">&lt;&lt;Tabla de contenidos&gt;&gt;<\/p>\n<span class=\"ez-toc-title-toggle\"><a href=\"#\" class=\"ez-toc-pull-right ez-toc-btn ez-toc-btn-xs ez-toc-btn-default ez-toc-toggle\" aria-label=\"Pesta\u00f1a de contenido alternativo\"><span class=\"ez-toc-js-icon-con\"><span class=\"\"><span class=\"eztoc-hide\" style=\"display:none;\">Palanca<\/span><span class=\"ez-toc-icon-toggle-span\"><svg style=\"fill: #999;color:#999\" xmlns=\"http:\/\/www.w3.org\/2000\/svg\" class=\"list-377408\" width=\"20px\" height=\"20px\" viewbox=\"0 0 24 24\" fill=\"none\"><path d=\"M6 6H4v2h2V6zm14 0H8v2h12V6zM4 11h2v2H4v-2zm16 0H8v2h12v-2zM4 16h2v2H4v-2zm16 0H8v2h12v-2z\" fill=\"currentColor\"><\/path><\/svg><svg style=\"fill: #999;color:#999\" class=\"arrow-unsorted-368013\" xmlns=\"http:\/\/www.w3.org\/2000\/svg\" width=\"10px\" height=\"10px\" viewbox=\"0 0 24 24\" version=\"1.2\" baseprofile=\"tiny\"><path d=\"M18.2 9.3l-6.2-6.3-6.2 6.3c-.2.2-.3.4-.3.7s.1.5.3.7c.2.2.4.3.7.3h11c.3 0 .5-.1.7-.3.2-.2.3-.5.3-.7s-.1-.5-.3-.7zM5.8 14.7l6.2 6.3 6.2-6.3c.2-.2.3-.5.3-.7s-.1-.5-.3-.7c-.2-.2-.4-.3-.7-.3h-11c-.3 0-.5.1-.7.3-.2.2-.3.5-.3.7s.1.5.3.7z\"\/><\/svg><\/span><\/span><\/span><\/a><\/span><\/div>\n<nav><ul class='ez-toc-list ez-toc-list-level-1' ><li class='ez-toc-page-1 ez-toc-heading-level-2'><a class=\"ez-toc-link ez-toc-heading-1\" href=\"https:\/\/prodskill.com\/es\/privacy-policy\/#%EC%9A%B0%EB%A6%AC%EB%8A%94_%EB%88%84%EA%B5%AC%EC%9D%B8%EA%B0%80%EC%9A%94\" >quienes somos nosotros<\/a><\/li><li class='ez-toc-page-1 ez-toc-heading-level-2'><a class=\"ez-toc-link ez-toc-heading-2\" href=\"https:\/\/prodskill.com\/es\/privacy-policy\/#%EB%8C%93%EA%B8%80\" >comentario<\/a><\/li><li class='ez-toc-page-1 ez-toc-heading-level-2'><a class=\"ez-toc-link ez-toc-heading-3\" href=\"https:\/\/prodskill.com\/es\/privacy-policy\/#%EB%AF%B8%EB%94%94%EC%96%B4\" >medios de comunicaci\u00f3n<\/a><\/li><li class='ez-toc-page-1 ez-toc-heading-level-2'><a class=\"ez-toc-link ez-toc-heading-4\" href=\"https:\/\/prodskill.com\/es\/privacy-policy\/#%EC%BF%A0%ED%82%A4\" >galleta<\/a><\/li><li class='ez-toc-page-1 ez-toc-heading-level-2'><a class=\"ez-toc-link ez-toc-heading-5\" href=\"https:\/\/prodskill.com\/es\/privacy-policy\/#%EB%8B%A4%EB%A5%B8_%EC%9B%B9%EC%82%AC%EC%9D%B4%ED%8A%B8%EC%97%90%EC%84%9C_%EC%9E%84%EB%B2%A0%EB%93%9C%ED%95%9C_%EC%BD%98%ED%85%90%EC%B8%A0\" >Contenido incrustado de otros sitios web<\/a><\/li><li class='ez-toc-page-1 ez-toc-heading-level-2'><a class=\"ez-toc-link ez-toc-heading-6\" href=\"https:\/\/prodskill.com\/es\/privacy-policy\/#%EB%88%84%EA%B5%AC%EC%99%80_%ED%95%A8%EA%BB%98_%EC%9E%90%EB%A3%8C%EB%A5%BC_%EA%B3%B5%EC%9C%A0%ED%95%98%EB%82%98%EC%9A%94\" >\u00bfCon qui\u00e9n comparto mis datos?<\/a><\/li><li class='ez-toc-page-1 ez-toc-heading-level-2'><a class=\"ez-toc-link ez-toc-heading-7\" href=\"https:\/\/prodskill.com\/es\/privacy-policy\/#%EB%8D%B0%EC%9D%B4%ED%84%B0%EB%A5%BC_%EB%B3%B4%EC%A1%B4%ED%95%98%EB%8A%94_%EA%B8%B0%EA%B0%84\" >Cu\u00e1nto tiempo conservamos tus datos<\/a><\/li><li class='ez-toc-page-1 ez-toc-heading-level-2'><a class=\"ez-toc-link ez-toc-heading-8\" href=\"https:\/\/prodskill.com\/es\/privacy-policy\/#%EB%8D%B0%EC%9D%B4%ED%84%B0%EC%97%90_%EA%B4%80%ED%95%B4_%EA%B0%96%EB%8A%94_%EA%B6%8C%EB%A6%AC%EC%9D%98_%EC%A2%85%EB%A5%98\" >Qu\u00e9 derechos tienes respecto a tus datos<\/a><\/li><li class='ez-toc-page-1 ez-toc-heading-level-2'><a class=\"ez-toc-link ez-toc-heading-9\" href=\"https:\/\/prodskill.com\/es\/privacy-policy\/#%EB%8D%B0%EC%9D%B4%ED%84%B0%EA%B0%80_%EB%B3%B4%EB%82%B4%EC%A7%80%EB%8A%94_%EA%B3%B3\" >Donde se env\u00edan los datos<\/a><\/li><\/ul><\/nav><\/div>\n<h2 class=\"wp-block-heading\"><span class=\"ez-toc-section\" id=\"%EC%9A%B0%EB%A6%AC%EB%8A%94_%EB%88%84%EA%B5%AC%EC%9D%B8%EA%B0%80%EC%9A%94\"><\/span>quienes somos nosotros<span class=\"ez-toc-section-end\"><\/span><\/h2>\n\n\n\n<p>Direcci\u00f3n del sitio web: https:\/\/prodskill.com<\/p>\n\n\n\n<h2 class=\"wp-block-heading\"><span class=\"ez-toc-section\" id=\"%EB%8C%93%EA%B8%80\"><\/span>comentario<span class=\"ez-toc-section-end\"><\/span><\/h2>\n\n\n\n<p><strong class=\"privacy-policy-tutorial\">Texto sugerido: <\/strong>Cuando los visitantes dejan comentarios en el sitio, recopilamos los datos en el formulario de comentarios, y tambi\u00e9n la direcci\u00f3n IP del visitante y la cadena de agente de usuario del navegador para ayudar a la detecci\u00f3n de spam.<\/p>\n\n\n\n<p>Es posible que se proporcione al servicio Gravatar una cadena an\u00f3nima creada a partir de su correo electr\u00f3nico (a veces denominada hash). Esto es para comprobar si lo est\u00e1s usando. La pol\u00edtica de privacidad del servicio Gravatar se puede encontrar aqu\u00ed: https:\/\/automattic.com\/privacy\/. Despu\u00e9s de la aprobaci\u00f3n de su comentario, su foto de perfil ser\u00e1 visible para el p\u00fablico en el contexto de su comentario.<\/p>\n\n\n\n<h2 class=\"wp-block-heading\"><span class=\"ez-toc-section\" id=\"%EB%AF%B8%EB%94%94%EC%96%B4\"><\/span>medios de comunicaci\u00f3n<span class=\"ez-toc-section-end\"><\/span><\/h2>\n\n\n\n<p><strong class=\"privacy-policy-tutorial\">Texto sugerido: <\/strong>Si carga im\u00e1genes en el sitio web, debe incluir datos de ubicaci\u00f3n incrustados (GPS EXIF) en sus im\u00e1genes. Los visitantes del sitio web pueden descargar y extraer datos de ubicaci\u00f3n de las im\u00e1genes del sitio web.<\/p>\n\n\n\n<h2 class=\"wp-block-heading\"><span class=\"ez-toc-section\" id=\"%EC%BF%A0%ED%82%A4\"><\/span>galleta<span class=\"ez-toc-section-end\"><\/span><\/h2>\n\n\n\n<p><strong class=\"privacy-policy-tutorial\">Texto sugerido: <\/strong>Si deja un comentario en nuestro sitio, puede optar por guardar su nombre, direcci\u00f3n de correo electr\u00f3nico y sitio web en cookies. Esto es para tu comodidad, para que no tengas que completar tus datos cuando dejes otro comentario. Estas cookies tendr\u00e1n una duraci\u00f3n de un a\u00f1o.<\/p>\n\n\n\n<p>Si visita nuestra p\u00e1gina de inicio de sesi\u00f3n, configuraremos una cookie temporal para determinar si su navegador acepta cookies. Estas cookies no contienen datos personales y se cancelan al cerrar el navegador.<\/p>\n\n\n\n<p>Cuando inicie sesi\u00f3n, tambi\u00e9n configuraremos cookies para guardar su informaci\u00f3n de inicio de sesi\u00f3n y sus opciones de visibilidad de la pantalla. Las cookies de inicio de sesi\u00f3n son para los \u00faltimos 2 d\u00edas y las opciones de pantalla son para el \u00faltimo 1 a\u00f1o. Si selecciona &quot;Recordarme&quot;, su inicio de sesi\u00f3n permanecer\u00e1 durante dos semanas. Cuando cierre sesi\u00f3n en su cuenta, eliminaremos sus cookies de inicio de sesi\u00f3n.<\/p>\n\n\n\n<p>Si edita o publica una publicaci\u00f3n, guardaremos una cookie adicional en su navegador. Esta cookie no incluye datos personales y simplemente indica el ID de la publicaci\u00f3n que acaba de editar.<\/p>\n\n\n\n<h2 class=\"wp-block-heading\"><span class=\"ez-toc-section\" id=\"%EB%8B%A4%EB%A5%B8_%EC%9B%B9%EC%82%AC%EC%9D%B4%ED%8A%B8%EC%97%90%EC%84%9C_%EC%9E%84%EB%B2%A0%EB%93%9C%ED%95%9C_%EC%BD%98%ED%85%90%EC%B8%A0\"><\/span>Contenido incrustado de otros sitios web<span class=\"ez-toc-section-end\"><\/span><\/h2>\n\n\n\n<p><strong class=\"privacy-policy-tutorial\">Texto sugerido: <\/strong>Los art\u00edculos de este sitio pueden incluir contenido incrustado (por ejemplo, v\u00eddeos, im\u00e1genes, art\u00edculos, etc.). El contenido incrustado de otros sitios web se comporta exactamente de la misma manera que si el visitante hubiera visitado el otro sitio web.<\/p>\n\n\n\n<p>Este sitio web recopila datos sobre usted si tiene una cuenta e inicia sesi\u00f3n en ese sitio web, utiliza cookies, incorpora seguimiento adicional de terceros e interact\u00faa con contenido incrustado, incluido el seguimiento de c\u00f3mo interact\u00faa con ese contenido incrustado. Tambi\u00e9n puede monitorear.<\/p>\n\n\n\n<h2 class=\"wp-block-heading\"><span class=\"ez-toc-section\" id=\"%EB%88%84%EA%B5%AC%EC%99%80_%ED%95%A8%EA%BB%98_%EC%9E%90%EB%A3%8C%EB%A5%BC_%EA%B3%B5%EC%9C%A0%ED%95%98%EB%82%98%EC%9A%94\"><\/span>\u00bfCon qui\u00e9n comparto mis datos?<span class=\"ez-toc-section-end\"><\/span><\/h2>\n\n\n\n<p><strong class=\"privacy-policy-tutorial\">Texto sugerido: <\/strong>Cuando solicite un restablecimiento de contrase\u00f1a, su direcci\u00f3n IP se incluir\u00e1 en el correo electr\u00f3nico de restablecimiento.<\/p>\n\n\n\n<h2 class=\"wp-block-heading\"><span class=\"ez-toc-section\" id=\"%EB%8D%B0%EC%9D%B4%ED%84%B0%EB%A5%BC_%EB%B3%B4%EC%A1%B4%ED%95%98%EB%8A%94_%EA%B8%B0%EA%B0%84\"><\/span>Cu\u00e1nto tiempo conservamos tus datos<span class=\"ez-toc-section-end\"><\/span><\/h2>\n\n\n\n<p><strong class=\"privacy-policy-tutorial\">Texto sugerido: <\/strong>Si deja un comentario, su comentario y sus metadatos se conservar\u00e1n permanentemente. Esto es para reconocer y aprobar autom\u00e1ticamente los comentarios si hay comentarios relacionados para evitar que se coloquen bajo revisi\u00f3n.<\/p>\n\n\n\n<p>Para los usuarios que se registran en nuestro sitio web, tambi\u00e9n almacenamos la informaci\u00f3n personal que proporcionan en su perfil de usuario. Todos los usuarios pueden ver, editar o eliminar su informaci\u00f3n personal en cualquier momento (excepto que no pueden cambiar su nombre de usuario). Los administradores del sitio web tambi\u00e9n pueden ver y editar esa informaci\u00f3n.<\/p>\n\n\n\n<h2 class=\"wp-block-heading\"><span class=\"ez-toc-section\" id=\"%EB%8D%B0%EC%9D%B4%ED%84%B0%EC%97%90_%EA%B4%80%ED%95%B4_%EA%B0%96%EB%8A%94_%EA%B6%8C%EB%A6%AC%EC%9D%98_%EC%A2%85%EB%A5%98\"><\/span>Qu\u00e9 derechos tienes respecto a tus datos<span class=\"ez-toc-section-end\"><\/span><\/h2>\n\n\n\n<p><strong class=\"privacy-policy-tutorial\">Texto sugerido: <\/strong>Si tiene una cuenta en el sitio o ha dejado comentarios, puede solicitar recibir un archivo exportado de la informaci\u00f3n personal que tenemos sobre usted, incluido cualquier material que haya proporcionado. Tambi\u00e9n puede solicitar que borremos cualquier informaci\u00f3n personal que tengamos sobre usted. Esto no incluye ning\u00fan material que debamos conservar con fines administrativos, legales o de seguridad.<\/p>\n\n\n\n<h2 class=\"wp-block-heading\"><span class=\"ez-toc-section\" id=\"%EB%8D%B0%EC%9D%B4%ED%84%B0%EA%B0%80_%EB%B3%B4%EB%82%B4%EC%A7%80%EB%8A%94_%EA%B3%B3\"><\/span>Donde se env\u00edan los datos<span class=\"ez-toc-section-end\"><\/span><\/h2>\n\n\n\n<p><strong class=\"privacy-policy-tutorial\">Texto sugerido: <\/strong>Los comentarios de los visitantes pueden revisarse a trav\u00e9s de un servicio automatizado de detecci\u00f3n de spam.<\/p>","protected":false},"excerpt":{"rendered":"<p>\u00bfQui\u00e9nes somos? Direcci\u00f3n web: https:\/\/prodskill.com Texto sugerido para comentarios: Cuando los visitantes dejan comentarios en el sitio, tambi\u00e9n recopilamos los datos del formulario de comentarios, la direcci\u00f3n IP del visitante y la cadena de agente de usuario del navegador para ayudar a detectar spam. Es posible que se proporcione al servicio Gravatar una cadena an\u00f3nima (tambi\u00e9n llamada hash) creada a partir de la direcci\u00f3n de correo electr\u00f3nico.<\/p>","protected":false},"author":1,"featured_media":0,"parent":0,"menu_order":0,"comment_status":"closed","ping_status":"open","template":"","meta":{"footnotes":""},"class_list":["post-3","page","type-page","status-publish","hentry"],"yoast_head":"<!-- This site is optimized with the Yoast SEO plugin v27.4 - https:\/\/yoast.com\/product\/yoast-seo-wordpress\/ -->\n<title>\uac1c\uc778\uc815\ubcf4 \ucc98\ub9ac\ubc29\uce68 - \uc0dd\uc0b0\uc131 Skill<\/title>\n<meta name=\"robots\" content=\"index, follow, max-snippet:-1, max-image-preview:large, max-video-preview:-1\" \/>\n<link rel=\"canonical\" href=\"https:\/\/prodskill.com\/es\/privacy-policy\/\" \/>\n<meta property=\"og:locale\" content=\"es_ES\" \/>\n<meta property=\"og:type\" content=\"article\" \/>\n<meta property=\"og:title\" content=\"\uac1c\uc778\uc815\ubcf4 \ucc98\ub9ac\ubc29\uce68 - \uc0dd\uc0b0\uc131 Skill\" \/>\n<meta property=\"og:description\" content=\"\uc6b0\ub9ac\ub294 \ub204\uad6c\uc778\uac00\uc694 \uc6f9\uc0ac\uc774\ud2b8 \uc8fc\uc18c: https:\/\/prodskill.com \ub313\uae00 \uc81c\uc548\ub41c \ud14d\uc2a4\ud2b8: \ubc29\ubb38\uc790\uac00 \uc0ac\uc774\ud2b8\uc5d0 \ub313\uae00\uc744 \ub0a8\uae38 \ub54c \ub313\uae00 \uc591\uc2dd\uc5d0 \uc788\ub294 \uc790\ub8cc, \uc2a4\ud338 \uac10\uc9c0\ub97c \ub3c4\uc6b8 \uc218 \uc788\ub294 \ubc29\ubb38\uc790\uc758 IP \uc8fc\uc18c\uc640 \ube0c\ub77c\uc6b0\uc800 \uc0ac\uc6a9\uc790 \uc5d0\uc774\uc804\ud2b8 \ubb38\uc790\uc5f4 \ub610\ud55c \uc218\uc9d1\ud569\ub2c8\ub2e4. \uc774\uba54\uc77c\uc5d0\uc11c \uc0dd\uc131\ub41c \uc775\uba85\ud654\ub41c \ubb38\uc790\uc5f4(\ud574\uc2dc\ub85c \ubd88\ub9ac\uae30\ub3c4 \ud568)\uc774 \uadf8\ub77c\ubc14\ud0c0 \uc11c\ube44\uc2a4\uc5d0 \uc81c\uacf5\ub420&#046;&#046;&#046;\" \/>\n<meta property=\"og:url\" content=\"https:\/\/prodskill.com\/es\/privacy-policy\/\" \/>\n<meta property=\"og:site_name\" content=\"\uc0dd\uc0b0\uc131 Skill\" \/>\n<meta property=\"article:modified_time\" content=\"2022-09-07T15:15:29+00:00\" \/>\n<meta name=\"twitter:card\" content=\"summary_large_image\" \/>\n<script type=\"application\/ld+json\" class=\"yoast-schema-graph\">{\"@context\":\"https:\\\/\\\/schema.org\",\"@graph\":[{\"@type\":\"WebPage\",\"@id\":\"https:\\\/\\\/prodskill.com\\\/privacy-policy\\\/\",\"url\":\"https:\\\/\\\/prodskill.com\\\/privacy-policy\\\/\",\"name\":\"\uac1c\uc778\uc815\ubcf4 \ucc98\ub9ac\ubc29\uce68 - \uc0dd\uc0b0\uc131 Skill\",\"isPartOf\":{\"@id\":\"https:\\\/\\\/prodskill.com\\\/ko\\\/#website\"},\"datePublished\":\"2022-08-20T03:35:18+00:00\",\"dateModified\":\"2022-09-07T15:15:29+00:00\",\"breadcrumb\":{\"@id\":\"https:\\\/\\\/prodskill.com\\\/privacy-policy\\\/#breadcrumb\"},\"inLanguage\":\"es\",\"potentialAction\":[{\"@type\":\"ReadAction\",\"target\":[\"https:\\\/\\\/prodskill.com\\\/privacy-policy\\\/\"]}]},{\"@type\":\"BreadcrumbList\",\"@id\":\"https:\\\/\\\/prodskill.com\\\/privacy-policy\\\/#breadcrumb\",\"itemListElement\":[{\"@type\":\"ListItem\",\"position\":1,\"name\":\"Home\",\"item\":\"https:\\\/\\\/prodskill.com\\\/ko\\\/\"},{\"@type\":\"ListItem\",\"position\":2,\"name\":\"\uac1c\uc778\uc815\ubcf4 \ucc98\ub9ac\ubc29\uce68\"}]},{\"@type\":\"WebSite\",\"@id\":\"https:\\\/\\\/prodskill.com\\\/ko\\\/#website\",\"url\":\"https:\\\/\\\/prodskill.com\\\/ko\\\/\",\"name\":\"\uc0dd\uc0b0\uc131 Skill\",\"description\":\"Meta Thinking, Meta Working\",\"publisher\":{\"@id\":\"https:\\\/\\\/prodskill.com\\\/ko\\\/#\\\/schema\\\/person\\\/bbad0870c78008c82edbe0960fe768bd\"},\"potentialAction\":[{\"@type\":\"SearchAction\",\"target\":{\"@type\":\"EntryPoint\",\"urlTemplate\":\"https:\\\/\\\/prodskill.com\\\/ko\\\/?s={search_term_string}\"},\"query-input\":{\"@type\":\"PropertyValueSpecification\",\"valueRequired\":true,\"valueName\":\"search_term_string\"}}],\"inLanguage\":\"es\"},{\"@type\":[\"Person\",\"Organization\"],\"@id\":\"https:\\\/\\\/prodskill.com\\\/ko\\\/#\\\/schema\\\/person\\\/bbad0870c78008c82edbe0960fe768bd\",\"name\":\"Zerom\",\"image\":{\"@type\":\"ImageObject\",\"inLanguage\":\"es\",\"@id\":\"https:\\\/\\\/prodskill.com\\\/wp-content\\\/uploads\\\/2022\\\/09\\\/productivity_clockgear.png\",\"url\":\"https:\\\/\\\/prodskill.com\\\/wp-content\\\/uploads\\\/2022\\\/09\\\/productivity_clockgear.png\",\"contentUrl\":\"https:\\\/\\\/prodskill.com\\\/wp-content\\\/uploads\\\/2022\\\/09\\\/productivity_clockgear.png\",\"width\":512,\"height\":512,\"caption\":\"Zerom\"},\"logo\":{\"@id\":\"https:\\\/\\\/prodskill.com\\\/wp-content\\\/uploads\\\/2022\\\/09\\\/productivity_clockgear.png\"}}]}<\/script>\n<!-- \/ Yoast SEO plugin. -->","yoast_head_json":{"title":"Pol\u00edtica de privacidad - Habilidad de productividad","robots":{"index":"index","follow":"follow","max-snippet":"max-snippet:-1","max-image-preview":"max-image-preview:large","max-video-preview":"max-video-preview:-1"},"canonical":"https:\/\/prodskill.com\/es\/privacy-policy\/","og_locale":"es_ES","og_type":"article","og_title":"\uac1c\uc778\uc815\ubcf4 \ucc98\ub9ac\ubc29\uce68 - \uc0dd\uc0b0\uc131 Skill","og_description":"\uc6b0\ub9ac\ub294 \ub204\uad6c\uc778\uac00\uc694 \uc6f9\uc0ac\uc774\ud2b8 \uc8fc\uc18c: https:\/\/prodskill.com \ub313\uae00 \uc81c\uc548\ub41c \ud14d\uc2a4\ud2b8: \ubc29\ubb38\uc790\uac00 \uc0ac\uc774\ud2b8\uc5d0 \ub313\uae00\uc744 \ub0a8\uae38 \ub54c \ub313\uae00 \uc591\uc2dd\uc5d0 \uc788\ub294 \uc790\ub8cc, \uc2a4\ud338 \uac10\uc9c0\ub97c \ub3c4\uc6b8 \uc218 \uc788\ub294 \ubc29\ubb38\uc790\uc758 IP \uc8fc\uc18c\uc640 \ube0c\ub77c\uc6b0\uc800 \uc0ac\uc6a9\uc790 \uc5d0\uc774\uc804\ud2b8 \ubb38\uc790\uc5f4 \ub610\ud55c \uc218\uc9d1\ud569\ub2c8\ub2e4. \uc774\uba54\uc77c\uc5d0\uc11c \uc0dd\uc131\ub41c \uc775\uba85\ud654\ub41c \ubb38\uc790\uc5f4(\ud574\uc2dc\ub85c \ubd88\ub9ac\uae30\ub3c4 \ud568)\uc774 \uadf8\ub77c\ubc14\ud0c0 \uc11c\ube44\uc2a4\uc5d0 \uc81c\uacf5\ub420&#46;&#46;&#46;","og_url":"https:\/\/prodskill.com\/es\/privacy-policy\/","og_site_name":"\uc0dd\uc0b0\uc131 Skill","article_modified_time":"2022-09-07T15:15:29+00:00","twitter_card":"summary_large_image","schema":{"@context":"https:\/\/schema.org","@graph":[{"@type":"WebPage","@id":"https:\/\/prodskill.com\/privacy-policy\/","url":"https:\/\/prodskill.com\/privacy-policy\/","name":"Pol\u00edtica de privacidad - Habilidad de productividad","isPartOf":{"@id":"https:\/\/prodskill.com\/ko\/#website"},"datePublished":"2022-08-20T03:35:18+00:00","dateModified":"2022-09-07T15:15:29+00:00","breadcrumb":{"@id":"https:\/\/prodskill.com\/privacy-policy\/#breadcrumb"},"inLanguage":"es","potentialAction":[{"@type":"ReadAction","target":["https:\/\/prodskill.com\/privacy-policy\/"]}]},{"@type":"BreadcrumbList","@id":"https:\/\/prodskill.com\/privacy-policy\/#breadcrumb","itemListElement":[{"@type":"ListItem","position":1,"name":"Home","item":"https:\/\/prodskill.com\/ko\/"},{"@type":"ListItem","position":2,"name":"\uac1c\uc778\uc815\ubcf4 \ucc98\ub9ac\ubc29\uce68"}]},{"@type":"WebSite","@id":"https:\/\/prodskill.com\/ko\/#website","url":"https:\/\/prodskill.com\/ko\/","name":"Habilidades de productividad","description":"Meta Pensamiento, Meta Trabajo","publisher":{"@id":"https:\/\/prodskill.com\/ko\/#\/schema\/person\/bbad0870c78008c82edbe0960fe768bd"},"potentialAction":[{"@type":"SearchAction","target":{"@type":"EntryPoint","urlTemplate":"https:\/\/prodskill.com\/ko\/?s={search_term_string}"},"query-input":{"@type":"PropertyValueSpecification","valueRequired":true,"valueName":"search_term_string"}}],"inLanguage":"es"},{"@type":["Person","Organization"],"@id":"https:\/\/prodskill.com\/ko\/#\/schema\/person\/bbad0870c78008c82edbe0960fe768bd","name":"Cerom","image":{"@type":"ImageObject","inLanguage":"es","@id":"https:\/\/prodskill.com\/wp-content\/uploads\/2022\/09\/productivity_clockgear.png","url":"https:\/\/prodskill.com\/wp-content\/uploads\/2022\/09\/productivity_clockgear.png","contentUrl":"https:\/\/prodskill.com\/wp-content\/uploads\/2022\/09\/productivity_clockgear.png","width":512,"height":512,"caption":"Zerom"},"logo":{"@id":"https:\/\/prodskill.com\/wp-content\/uploads\/2022\/09\/productivity_clockgear.png"}}]}},"_links":{"self":[{"href":"https:\/\/prodskill.com\/es\/wp-json\/wp\/v2\/pages\/3","targetHints":{"allow":["GET"]}}],"collection":[{"href":"https:\/\/prodskill.com\/es\/wp-json\/wp\/v2\/pages"}],"about":[{"href":"https:\/\/prodskill.com\/es\/wp-json\/wp\/v2\/types\/page"}],"author":[{"embeddable":true,"href":"https:\/\/prodskill.com\/es\/wp-json\/wp\/v2\/users\/1"}],"replies":[{"embeddable":true,"href":"https:\/\/prodskill.com\/es\/wp-json\/wp\/v2\/comments?post=3"}],"version-history":[{"count":0,"href":"https:\/\/prodskill.com\/es\/wp-json\/wp\/v2\/pages\/3\/revisions"}],"wp:attachment":[{"href":"https:\/\/prodskill.com\/es\/wp-json\/wp\/v2\/media?parent=3"}],"curies":[{"name":"gracias","href":"https:\/\/api.w.org\/{rel}","templated":true}]}}