{"id":12251,"date":"2022-10-27T18:39:00","date_gmt":"2022-10-27T09:39:00","guid":{"rendered":"https:\/\/prodskill.com\/?page_id=12251"},"modified":"2022-10-27T18:44:47","modified_gmt":"2022-10-27T09:44:47","slug":"tool-license","status":"publish","type":"page","link":"https:\/\/prodskill.com\/es\/tool-license\/","title":{"rendered":"[\uc911\uc694] \uacf5\uac1c\ud558\ub294 \ub3c4\uad6c\uc758 \ub77c\uc774\uc120\uc2a4"},"content":{"rendered":"<p>Para todas las herramientas que lanzo, subo el c\u00f3digo fuente a github. Cada herramienta sigue la licencia especificada en cada repositorio de github.<\/p>\n\n\n\n<p>enlace de github:&nbsp;<a href=\"https:\/\/github.com\/DAToolset\" target=\"_blank\" rel=\"noreferrer noopener\">https:\/\/github.com\/DAToolset<\/a><\/p>\n\n\n\n<p>Configur\u00e9 la licencia BSD-2 en el repositorio de github de forma predeterminada.<\/p>\n\n\n<div class=\"wp-block-image\">\n<figure class=\"aligncenter size-full\"><a href=\"https:\/\/prodskill.com\/wp-content\/uploads\/2022\/10\/image-160.png\"><img loading=\"lazy\" decoding=\"async\" width=\"640\" height=\"226\" src=\"https:\/\/prodskill.com\/wp-content\/uploads\/2022\/10\/image-160.png\" alt=\"BSD \ub77c\uc774\uc120\uc2a4 \uc774\ubbf8\uc9c0\" class=\"wp-image-12252\" srcset=\"https:\/\/prodskill.com\/wp-content\/uploads\/2022\/10\/image-160.png 640w, https:\/\/prodskill.com\/wp-content\/uploads\/2022\/10\/image-160-300x106.png 300w, https:\/\/prodskill.com\/wp-content\/uploads\/2022\/10\/image-160-18x6.png 18w, https:\/\/prodskill.com\/wp-content\/uploads\/2022\/10\/image-160-24x8.png 24w, https:\/\/prodskill.com\/wp-content\/uploads\/2022\/10\/image-160-36x13.png 36w, https:\/\/prodskill.com\/wp-content\/uploads\/2022\/10\/image-160-48x17.png 48w\" sizes=\"auto, (max-width: 640px) 100vw, 640px\" \/><\/a><figcaption>Imagen con licencia BSD<br>fuente: <a href=\"https:\/\/commons.wikimedia.org\/wiki\/File:License_icon-bsd-88x31.svg\" target=\"_blank\" rel=\"noreferrer noopener\">Archivo:Icono de licencia-bsd-88\u00d731.svg \u2013 Wikimedia Commons<\/a><\/figcaption><\/figure>\n<\/div>\n\n\n<div id=\"ez-toc-container\" class=\"ez-toc-v2_0_82_2 counter-hierarchy ez-toc-counter ez-toc-grey ez-toc-container-direction\">\n<div class=\"ez-toc-title-container\">\n<p class=\"ez-toc-title\" style=\"cursor:inherit\">&lt;&lt;Tabla de contenidos&gt;&gt;<\/p>\n<span class=\"ez-toc-title-toggle\"><a href=\"#\" class=\"ez-toc-pull-right ez-toc-btn ez-toc-btn-xs ez-toc-btn-default ez-toc-toggle\" aria-label=\"Pesta\u00f1a de contenido alternativo\"><span class=\"ez-toc-js-icon-con\"><span class=\"\"><span class=\"eztoc-hide\" style=\"display:none;\">Palanca<\/span><span class=\"ez-toc-icon-toggle-span\"><svg style=\"fill: #999;color:#999\" xmlns=\"http:\/\/www.w3.org\/2000\/svg\" class=\"list-377408\" width=\"20px\" height=\"20px\" viewbox=\"0 0 24 24\" fill=\"none\"><path d=\"M6 6H4v2h2V6zm14 0H8v2h12V6zM4 11h2v2H4v-2zm16 0H8v2h12v-2zM4 16h2v2H4v-2zm16 0H8v2h12v-2z\" fill=\"currentColor\"><\/path><\/svg><svg style=\"fill: #999;color:#999\" class=\"arrow-unsorted-368013\" xmlns=\"http:\/\/www.w3.org\/2000\/svg\" width=\"10px\" height=\"10px\" viewbox=\"0 0 24 24\" version=\"1.2\" baseprofile=\"tiny\"><path d=\"M18.2 9.3l-6.2-6.3-6.2 6.3c-.2.2-.3.4-.3.7s.1.5.3.7c.2.2.4.3.7.3h11c.3 0 .5-.1.7-.3.2-.2.3-.5.3-.7s-.1-.5-.3-.7zM5.8 14.7l6.2 6.3 6.2-6.3c.2-.2.3-.5.3-.7s-.1-.5-.3-.7c-.2-.2-.4-.3-.7-.3h-11c-.3 0-.5.1-.7.3-.2.2-.3.5-.3.7s.1.5.3.7z\"\/><\/svg><\/span><\/span><\/span><\/a><\/span><\/div>\n<nav><ul class='ez-toc-list ez-toc-list-level-1' ><li class='ez-toc-page-1 ez-toc-heading-level-2'><a class=\"ez-toc-link ez-toc-heading-1\" href=\"https:\/\/prodskill.com\/es\/tool-license\/#2-clause_BSD_%EB%9D%BC%EC%9D%B4%EC%84%A0%EC%8A%A4_BSD-2-Clause_%EC%A3%BC%EC%9A%94%EB%82%B4%EC%9A%A9\" >Licencia BSD de 2 cl\u00e1usulas (BSD-2-Clause) Contenido principal<\/a><\/li><li class='ez-toc-page-1 ez-toc-heading-level-2'><a class=\"ez-toc-link ez-toc-heading-2\" href=\"https:\/\/prodskill.com\/es\/tool-license\/#2-Clause_BSD_License_%EC%9B%90%EB%AC%B8\" >Licencia BSD de 2 cl\u00e1usulas texto original<\/a><\/li><li class='ez-toc-page-1 ez-toc-heading-level-2'><a class=\"ez-toc-link ez-toc-heading-3\" href=\"https:\/\/prodskill.com\/es\/tool-license\/#%EC%A0%80%EC%9E%91%EA%B6%8C_%EB%AA%85%EC%8B%9C\" >aviso de copyright<\/a><\/li><li class='ez-toc-page-1 ez-toc-heading-level-2'><a class=\"ez-toc-link ez-toc-heading-4\" href=\"https:\/\/prodskill.com\/es\/tool-license\/#%EB%8D%A7%EB%B6%99%EC%9E%84\" >adjuntar<\/a><\/li><\/ul><\/nav><\/div>\n<h2 class=\"wp-block-heading\"><span class=\"ez-toc-section\" id=\"2-clause_BSD_%EB%9D%BC%EC%9D%B4%EC%84%A0%EC%8A%A4_BSD-2-Clause_%EC%A3%BC%EC%9A%94%EB%82%B4%EC%9A%A9\"><\/span>Licencia BSD de 2 cl\u00e1usulas (BSD-2-Clause) Contenido principal<span class=\"ez-toc-section-end\"><\/span><\/h2>\n\n\n\n<figure class=\"wp-block-table\"><table><tbody><tr><th>Se permite el permiso para copiar, distribuir y modificar.<\/th><td>posible<\/td><\/tr><tr><th>Adjunte una copia de la licencia al distribuir<\/th><td>posible<\/td><\/tr><tr><th>Mantener aviso de derechos de autor o aviso de atribuci\u00f3n<\/th><td>posible<\/td><\/tr><tr><th>Obligaci\u00f3n de proporcionar c\u00f3digo fuente al momento de la distribuci\u00f3n (reciprocidad) y alcance<\/th><td>No especificado<\/td><\/tr><tr><th>Permite la creaci\u00f3n de Lager Work y distribuci\u00f3n bajo otras licencias<\/th><td>Disponible condicionalmente<\/td><\/tr><tr><th>Notificaci\u00f3n de modificaciones tras modificaci\u00f3n<\/th><td>No especificado<\/td><\/tr><tr><th>Concesi\u00f3n de licencia expresa de patente<\/th><td>No especificado<\/td><\/tr><tr><th>La licencia termina cuando el licenciatario presenta una demanda de patente<\/th><td>No especificado<\/td><\/tr><tr><th>Restricciones de uso de nombres, marcas y nombres comerciales<\/th><td>posible<\/td><\/tr><tr><th>Renuncia de garant\u00eda<\/th><td>posible<\/td><\/tr><tr><th>Limitaci\u00f3n de responsabilidad<\/th><td>posible<\/td><\/tr><\/tbody><\/table><\/figure>\n\n\n\n<p>&lt;Fuente: <a href=\"https:\/\/www.olis.or.kr\/license\/Detailselect.do?lId=1093&amp;mapCode=010003&amp;lType=osi\" target=\"_blank\" rel=\"noreferrer noopener\">https:\/\/www.olis.or.kr\/license\/Detailselect.do?lId=1093&amp;mapCode=010003&amp;lType=osi<\/a>&gt;<\/p>\n\n\n\n<h2 class=\"wp-block-heading\"><span class=\"ez-toc-section\" id=\"2-Clause_BSD_License_%EC%9B%90%EB%AC%B8\"><\/span>Licencia BSD de 2 cl\u00e1usulas texto original<span class=\"ez-toc-section-end\"><\/span><\/h2>\n\n\n\n<blockquote class=\"wp-block-quote is-layout-flow wp-block-quote-is-layout-flow\"><p>Derechos de autor<\/p><p>Se permite la redistribuci\u00f3n y el uso en formato fuente y binario, con o sin modificaci\u00f3n, siempre que se cumplan las siguientes condiciones:<\/p><p>1. Las redistribuciones del c\u00f3digo fuente deben conservar el aviso de derechos de autor anterior, esta lista de condiciones y el siguiente descargo de responsabilidad.<\/p><p>2. Las redistribuciones en formato binario deben reproducir el aviso de derechos de autor anterior, esta lista de condiciones y la siguiente exenci\u00f3n de responsabilidad en la documentaci\u00f3n y\/u otros materiales proporcionados con la distribuci\u00f3n.<\/p><p>ESTE SOFTWARE ES PROPORCIONADO POR LOS TITULARES DE DERECHOS DE AUTOR Y COLABORADORES \u201cTAL CUAL\u201d Y SE RENUNCIA A CUALQUIER GARANT\u00cdA EXPRESA O IMPL\u00cdCITA, INCLUYENDO, PERO NO LIMITADO A, LAS GARANT\u00cdAS IMPL\u00cdCITAS DE COMERCIABILIDAD E IDONEIDAD PARA UN PROP\u00d3SITO PARTICULAR. EN NING\u00daN CASO EL TITULAR DE LOS DERECHOS DE AUTOR O LOS COLABORADORES SER\u00c1N RESPONSABLES DE NING\u00daN DA\u00d1O DIRECTO, INDIRECTO, FORTUITO, ESPECIAL, EJEMPLAR O CONSECUENTE (INCLUYENDO, PERO NO LIMITADO A, ADQUISICI\u00d3N DE BIENES O SERVICIOS SUSTITUTOS; P\u00c9RDIDA DE USO, DATOS O GANANCIAS; O INTERRUPCI\u00d3N DEL NEGOCIO) CUALQUIER CAUSA Y EN CUALQUIER TEOR\u00cdA DE RESPONSABILIDAD, YA SEA POR CONTRATO, RESPONSABILIDAD ESTRICTA O AGRAVIO (INCLUYENDO NEGLIGENCIA O DE OTRA MANERA) QUE SURJA DE CUALQUIER MANERA DEL USO DE ESTE SOFTWARE, INCLUSO SI SE ADVIERTE DE LA POSIBILIDAD DE DICHO DA\u00d1O.<\/p><\/blockquote>\n\n\n\n<p>&lt;Fuente: <a href=\"https:\/\/opensource.org\/licenses\/BSD-2-Clause\" target=\"_blank\" rel=\"noreferrer noopener\">La licencia BSD de 2 cl\u00e1usulas | Iniciativa de c\u00f3digo abierto<\/a>&gt;<\/p>\n\n\n\n<h2 class=\"wp-block-heading\"><span class=\"ez-toc-section\" id=\"%EC%A0%80%EC%9E%91%EA%B6%8C_%EB%AA%85%EC%8B%9C\"><\/span>aviso de copyright<span class=\"ez-toc-section-end\"><\/span><\/h2>\n\n\n\n<p>La informaci\u00f3n b\u00e1sica del autor es la siguiente:<\/p>\n\n\n\n<ul class=\"wp-block-list\"><li>Autor: Youngmin Lee<\/li><li>\uc774\uba54\uc77c:&nbsp;leeyoungmin@gmail.com<\/li><li>Blog:&nbsp;<a href=\"https:\/\/prodtool.tistory.com\/\" target=\"_blank\" rel=\"noreferrer noopener\">https:\/\/prodskill.com\/<\/a> (Direcci\u00f3n antigua del blog: <a href=\"https:\/\/prodtool.tistory.com\/\" target=\"_blank\" rel=\"noreferrer noopener\">https:\/\/prodtool.tistory.com\/<\/a>)<\/li><li>github:&nbsp;<a href=\"https:\/\/github.com\/DAToolset\" target=\"_blank\" rel=\"noreferrer noopener\">https:\/\/github.com\/DAToolset<\/a><\/li><\/ul>\n\n\n\n<p>El c\u00f3digo fuente de las herramientas que revelo se puede utilizar sin restricciones bajo las siguientes condiciones.<\/p>\n\n\n\n<ol class=\"wp-block-list\"><li><strong>Notaci\u00f3n de derechos de autor: el nombre del titular de los derechos de autor, la direcci\u00f3n de correo electr\u00f3nico, la direcci\u00f3n del blog y la direcci\u00f3n del repositorio de GitHub deben usarse tal como est\u00e1n.<\/strong>&nbsp;Si cambia el c\u00f3digo fuente y lo utiliza, se puede agregar informaci\u00f3n relacionada con la autor\u00eda secundaria.<\/li><li><strong>Descargo de responsabilidad de garant\u00eda: el titular de los derechos de autor no se hace responsable de ning\u00fan problema que surja del uso de este c\u00f3digo fuente y herramientas.<\/strong><\/li><\/ol>\n\n\n\n<p>Si se cumplen las condiciones anteriores, est\u00e1 permitido para todos los fines, como el uso personal como el aprendizaje\/uso, el uso de esta herramienta en los negocios en el trabajo o el uso de la herramienta para incluirla en un producto comercial cambiando el c\u00f3digo fuente. .<\/p>\n\n\n\n<p>No es necesario revelar el c\u00f3digo fuente de los trabajos derivados. Sin embargo, si no es un problema, d\u00e9jame saber en qu\u00e9 trabajo secundario lo usaste. Puedes enviarlo por correo electr\u00f3nico o comentario de blog. S\u00f3lo pregunto porque tengo curiosidad sobre qui\u00e9n lo us\u00f3 y d\u00f3nde.<\/p>\n\n\n\n<p>En un momento, hubo una idea de comercializarlo, pero decidimos simplemente abrir el c\u00f3digo fuente. En su lugar, planeamos publicar explicaciones detalladas en nuestro blog y colocar anuncios de Google AdSense.<\/p>\n\n\n\n<h2 class=\"wp-block-heading\"><span class=\"ez-toc-section\" id=\"%EB%8D%A7%EB%B6%99%EC%9E%84\"><\/span>adjuntar<span class=\"ez-toc-section-end\"><\/span><\/h2>\n\n\n\n<p>Las herramientas que estoy lanzando son herramientas que he creado yo mismo en el campo de proyectos relacionados con DA (Arquitectura de datos) durante los \u00faltimos 15 a\u00f1os. Este es el resultado de pensar en formas de reducir el trabajo manual repetitivo, aumentar la productividad y mejorar la calidad al mismo tiempo.<\/p>\n\n\n\n<p>Creo que escribir es una mejor manera de transmitir conocimientos que hablar, y escribir con herramientas en lugar de simplemente escribir es lo mejor. Convierto mi forma de trabajar en una herramienta, escribo sobre el prop\u00f3sito de la herramienta y c\u00f3mo usarla, y lo divulgo en este blog.<\/p>\n\n\n\n<p>Ser\u00eda fant\u00e1stico si estas herramientas pudieran aliviar algunas de las dificultades y esfuerzos que experimentan quienes est\u00e1n a cargo del trabajo de DA.<\/p>","protected":false},"excerpt":{"rendered":"<p>Todas las herramientas que publico se suben a GitHub como c\u00f3digo fuente. Cada herramienta sigue la licencia especificada en su repositorio de GitHub. Enlace de GitHub: https:\/\/github.com\/DAToolset. He establecido la licencia BSD-2 como predeterminada para mi repositorio de GitHub. La licencia BSD de 2 cl\u00e1usulas (BSD-2-Clause) permite la copia, distribuci\u00f3n y modificaci\u00f3n. Al distribuir...<\/p>","protected":false},"author":1,"featured_media":12252,"parent":0,"menu_order":0,"comment_status":"open","ping_status":"closed","template":"","meta":{"footnotes":""},"class_list":["post-12251","page","type-page","status-publish","has-post-thumbnail","hentry"],"yoast_head":"<!-- This site is optimized with the Yoast SEO plugin v27.3 - https:\/\/yoast.com\/product\/yoast-seo-wordpress\/ -->\n<title>[\uc911\uc694] \uacf5\uac1c\ud558\ub294 \ub3c4\uad6c\uc758 \ub77c\uc774\uc120\uc2a4 - \uc0dd\uc0b0\uc131 Skill<\/title>\n<meta name=\"description\" content=\"\uc81c\uac00 \uacf5\uac1c\ud558\ub294 \ub3c4\uad6c\ub4e4\uc740 \ubaa8\ub450 \uc18c\uc2a4\ucf54\ub4dc\ub97c github\uc5d0 \uc5c5\ub85c\ub4dc \ud569\ub2c8\ub2e4. \uac01 \ub3c4\uad6c\ub294 \uac01 github repository\uc5d0 \uc9c0\uc815\ub41c \ub77c\uc774\uc120\uc2a4 \ub97c \ub530\ub985\ub2c8\ub2e4. \uc800\ub294 github repository\uc5d0 BSD-2 \ub77c\uc774\uc120\uc2a4 \ub97c \uae30\ubcf8\uc73c\ub85c \uc9c0\uc815\ud574 \ub450\uc5c8\uc2b5\ub2c8\ub2e4.\" \/>\n<meta name=\"robots\" content=\"index, follow, max-snippet:-1, max-image-preview:large, max-video-preview:-1\" \/>\n<link rel=\"canonical\" href=\"https:\/\/prodskill.com\/es\/tool-license\/\" \/>\n<meta property=\"og:locale\" content=\"es_ES\" \/>\n<meta property=\"og:type\" content=\"article\" \/>\n<meta property=\"og:title\" content=\"[\uc911\uc694] \uacf5\uac1c\ud558\ub294 \ub3c4\uad6c\uc758 \ub77c\uc774\uc120\uc2a4 - \uc0dd\uc0b0\uc131 Skill\" \/>\n<meta property=\"og:description\" content=\"\uc81c\uac00 \uacf5\uac1c\ud558\ub294 \ub3c4\uad6c\ub4e4\uc740 \ubaa8\ub450 \uc18c\uc2a4\ucf54\ub4dc\ub97c github\uc5d0 \uc5c5\ub85c\ub4dc \ud569\ub2c8\ub2e4. \uac01 \ub3c4\uad6c\ub294 \uac01 github repository\uc5d0 \uc9c0\uc815\ub41c \ub77c\uc774\uc120\uc2a4 \ub97c \ub530\ub985\ub2c8\ub2e4. \uc800\ub294 github repository\uc5d0 BSD-2 \ub77c\uc774\uc120\uc2a4 \ub97c \uae30\ubcf8\uc73c\ub85c \uc9c0\uc815\ud574 \ub450\uc5c8\uc2b5\ub2c8\ub2e4.\" \/>\n<meta property=\"og:url\" content=\"https:\/\/prodskill.com\/es\/tool-license\/\" \/>\n<meta property=\"og:site_name\" content=\"\uc0dd\uc0b0\uc131 Skill\" \/>\n<meta property=\"article:modified_time\" content=\"2022-10-27T09:44:47+00:00\" \/>\n<meta property=\"og:image\" content=\"https:\/\/prodskill.com\/wp-content\/uploads\/2022\/10\/image-160.png\" \/>\n\t<meta property=\"og:image:width\" content=\"640\" \/>\n\t<meta property=\"og:image:height\" content=\"226\" \/>\n\t<meta property=\"og:image:type\" content=\"image\/png\" \/>\n<meta name=\"twitter:card\" content=\"summary_large_image\" \/>\n<meta name=\"twitter:label1\" content=\"Tiempo de lectura\" \/>\n\t<meta name=\"twitter:data1\" content=\"4 minutos\" \/>\n<script type=\"application\/ld+json\" class=\"yoast-schema-graph\">{\"@context\":\"https:\\\/\\\/schema.org\",\"@graph\":[{\"@type\":\"WebPage\",\"@id\":\"https:\\\/\\\/prodskill.com\\\/tool-license\\\/\",\"url\":\"https:\\\/\\\/prodskill.com\\\/tool-license\\\/\",\"name\":\"[\uc911\uc694] \uacf5\uac1c\ud558\ub294 \ub3c4\uad6c\uc758 \ub77c\uc774\uc120\uc2a4 - \uc0dd\uc0b0\uc131 Skill\",\"isPartOf\":{\"@id\":\"https:\\\/\\\/prodskill.com\\\/ko\\\/#website\"},\"primaryImageOfPage\":{\"@id\":\"https:\\\/\\\/prodskill.com\\\/tool-license\\\/#primaryimage\"},\"image\":{\"@id\":\"https:\\\/\\\/prodskill.com\\\/tool-license\\\/#primaryimage\"},\"thumbnailUrl\":\"https:\\\/\\\/prodskill.com\\\/wp-content\\\/uploads\\\/2022\\\/10\\\/image-160.png\",\"datePublished\":\"2022-10-27T09:39:00+00:00\",\"dateModified\":\"2022-10-27T09:44:47+00:00\",\"description\":\"\uc81c\uac00 \uacf5\uac1c\ud558\ub294 \ub3c4\uad6c\ub4e4\uc740 \ubaa8\ub450 \uc18c\uc2a4\ucf54\ub4dc\ub97c github\uc5d0 \uc5c5\ub85c\ub4dc \ud569\ub2c8\ub2e4. \uac01 \ub3c4\uad6c\ub294 \uac01 github repository\uc5d0 \uc9c0\uc815\ub41c \ub77c\uc774\uc120\uc2a4 \ub97c \ub530\ub985\ub2c8\ub2e4. \uc800\ub294 github repository\uc5d0 BSD-2 \ub77c\uc774\uc120\uc2a4 \ub97c \uae30\ubcf8\uc73c\ub85c \uc9c0\uc815\ud574 \ub450\uc5c8\uc2b5\ub2c8\ub2e4.\",\"breadcrumb\":{\"@id\":\"https:\\\/\\\/prodskill.com\\\/tool-license\\\/#breadcrumb\"},\"inLanguage\":\"es\",\"potentialAction\":[{\"@type\":\"ReadAction\",\"target\":[\"https:\\\/\\\/prodskill.com\\\/tool-license\\\/\"]}]},{\"@type\":\"ImageObject\",\"inLanguage\":\"es\",\"@id\":\"https:\\\/\\\/prodskill.com\\\/tool-license\\\/#primaryimage\",\"url\":\"https:\\\/\\\/prodskill.com\\\/wp-content\\\/uploads\\\/2022\\\/10\\\/image-160.png\",\"contentUrl\":\"https:\\\/\\\/prodskill.com\\\/wp-content\\\/uploads\\\/2022\\\/10\\\/image-160.png\",\"width\":640,\"height\":226},{\"@type\":\"BreadcrumbList\",\"@id\":\"https:\\\/\\\/prodskill.com\\\/tool-license\\\/#breadcrumb\",\"itemListElement\":[{\"@type\":\"ListItem\",\"position\":1,\"name\":\"Home\",\"item\":\"https:\\\/\\\/prodskill.com\\\/ko\\\/\"},{\"@type\":\"ListItem\",\"position\":2,\"name\":\"[\uc911\uc694] \uacf5\uac1c\ud558\ub294 \ub3c4\uad6c\uc758 \ub77c\uc774\uc120\uc2a4\"}]},{\"@type\":\"WebSite\",\"@id\":\"https:\\\/\\\/prodskill.com\\\/ko\\\/#website\",\"url\":\"https:\\\/\\\/prodskill.com\\\/ko\\\/\",\"name\":\"\uc0dd\uc0b0\uc131 Skill\",\"description\":\"Meta Thinking, Meta Working\",\"publisher\":{\"@id\":\"https:\\\/\\\/prodskill.com\\\/ko\\\/#\\\/schema\\\/person\\\/bbad0870c78008c82edbe0960fe768bd\"},\"potentialAction\":[{\"@type\":\"SearchAction\",\"target\":{\"@type\":\"EntryPoint\",\"urlTemplate\":\"https:\\\/\\\/prodskill.com\\\/ko\\\/?s={search_term_string}\"},\"query-input\":{\"@type\":\"PropertyValueSpecification\",\"valueRequired\":true,\"valueName\":\"search_term_string\"}}],\"inLanguage\":\"es\"},{\"@type\":[\"Person\",\"Organization\"],\"@id\":\"https:\\\/\\\/prodskill.com\\\/ko\\\/#\\\/schema\\\/person\\\/bbad0870c78008c82edbe0960fe768bd\",\"name\":\"Zerom\",\"image\":{\"@type\":\"ImageObject\",\"inLanguage\":\"es\",\"@id\":\"https:\\\/\\\/prodskill.com\\\/wp-content\\\/uploads\\\/2022\\\/09\\\/productivity_clockgear.png\",\"url\":\"https:\\\/\\\/prodskill.com\\\/wp-content\\\/uploads\\\/2022\\\/09\\\/productivity_clockgear.png\",\"contentUrl\":\"https:\\\/\\\/prodskill.com\\\/wp-content\\\/uploads\\\/2022\\\/09\\\/productivity_clockgear.png\",\"width\":512,\"height\":512,\"caption\":\"Zerom\"},\"logo\":{\"@id\":\"https:\\\/\\\/prodskill.com\\\/wp-content\\\/uploads\\\/2022\\\/09\\\/productivity_clockgear.png\"}}]}<\/script>\n<!-- \/ Yoast SEO plugin. -->","yoast_head_json":{"title":"[\uc911\uc694] \uacf5\uac1c\ud558\ub294 \ub3c4\uad6c\uc758 \ub77c\uc774\uc120\uc2a4 - \uc0dd\uc0b0\uc131 Skill","description":"Todas las herramientas que publico se suben a GitHub como c\u00f3digo fuente. Cada herramienta sigue la licencia especificada en su repositorio de GitHub. He establecido la licencia BSD-2 como predeterminada para mi repositorio de GitHub.","robots":{"index":"index","follow":"follow","max-snippet":"max-snippet:-1","max-image-preview":"max-image-preview:large","max-video-preview":"max-video-preview:-1"},"canonical":"https:\/\/prodskill.com\/es\/tool-license\/","og_locale":"es_ES","og_type":"article","og_title":"[\uc911\uc694] \uacf5\uac1c\ud558\ub294 \ub3c4\uad6c\uc758 \ub77c\uc774\uc120\uc2a4 - \uc0dd\uc0b0\uc131 Skill","og_description":"\uc81c\uac00 \uacf5\uac1c\ud558\ub294 \ub3c4\uad6c\ub4e4\uc740 \ubaa8\ub450 \uc18c\uc2a4\ucf54\ub4dc\ub97c github\uc5d0 \uc5c5\ub85c\ub4dc \ud569\ub2c8\ub2e4. \uac01 \ub3c4\uad6c\ub294 \uac01 github repository\uc5d0 \uc9c0\uc815\ub41c \ub77c\uc774\uc120\uc2a4 \ub97c \ub530\ub985\ub2c8\ub2e4. \uc800\ub294 github repository\uc5d0 BSD-2 \ub77c\uc774\uc120\uc2a4 \ub97c \uae30\ubcf8\uc73c\ub85c \uc9c0\uc815\ud574 \ub450\uc5c8\uc2b5\ub2c8\ub2e4.","og_url":"https:\/\/prodskill.com\/es\/tool-license\/","og_site_name":"\uc0dd\uc0b0\uc131 Skill","article_modified_time":"2022-10-27T09:44:47+00:00","og_image":[{"width":640,"height":226,"url":"https:\/\/prodskill.com\/wp-content\/uploads\/2022\/10\/image-160.png","type":"image\/png"}],"twitter_card":"summary_large_image","twitter_misc":{"Tiempo de lectura":"4 minutos"},"schema":{"@context":"https:\/\/schema.org","@graph":[{"@type":"WebPage","@id":"https:\/\/prodskill.com\/tool-license\/","url":"https:\/\/prodskill.com\/tool-license\/","name":"[\uc911\uc694] \uacf5\uac1c\ud558\ub294 \ub3c4\uad6c\uc758 \ub77c\uc774\uc120\uc2a4 - \uc0dd\uc0b0\uc131 Skill","isPartOf":{"@id":"https:\/\/prodskill.com\/ko\/#website"},"primaryImageOfPage":{"@id":"https:\/\/prodskill.com\/tool-license\/#primaryimage"},"image":{"@id":"https:\/\/prodskill.com\/tool-license\/#primaryimage"},"thumbnailUrl":"https:\/\/prodskill.com\/wp-content\/uploads\/2022\/10\/image-160.png","datePublished":"2022-10-27T09:39:00+00:00","dateModified":"2022-10-27T09:44:47+00:00","description":"Todas las herramientas que publico se suben a GitHub como c\u00f3digo fuente. Cada herramienta sigue la licencia especificada en su repositorio de GitHub. He establecido la licencia BSD-2 como predeterminada para mi repositorio de GitHub.","breadcrumb":{"@id":"https:\/\/prodskill.com\/tool-license\/#breadcrumb"},"inLanguage":"es","potentialAction":[{"@type":"ReadAction","target":["https:\/\/prodskill.com\/tool-license\/"]}]},{"@type":"ImageObject","inLanguage":"es","@id":"https:\/\/prodskill.com\/tool-license\/#primaryimage","url":"https:\/\/prodskill.com\/wp-content\/uploads\/2022\/10\/image-160.png","contentUrl":"https:\/\/prodskill.com\/wp-content\/uploads\/2022\/10\/image-160.png","width":640,"height":226},{"@type":"BreadcrumbList","@id":"https:\/\/prodskill.com\/tool-license\/#breadcrumb","itemListElement":[{"@type":"ListItem","position":1,"name":"Home","item":"https:\/\/prodskill.com\/ko\/"},{"@type":"ListItem","position":2,"name":"[\uc911\uc694] \uacf5\uac1c\ud558\ub294 \ub3c4\uad6c\uc758 \ub77c\uc774\uc120\uc2a4"}]},{"@type":"WebSite","@id":"https:\/\/prodskill.com\/ko\/#website","url":"https:\/\/prodskill.com\/ko\/","name":"Habilidades de productividad","description":"Meta Pensamiento, Meta Trabajo","publisher":{"@id":"https:\/\/prodskill.com\/ko\/#\/schema\/person\/bbad0870c78008c82edbe0960fe768bd"},"potentialAction":[{"@type":"SearchAction","target":{"@type":"EntryPoint","urlTemplate":"https:\/\/prodskill.com\/ko\/?s={search_term_string}"},"query-input":{"@type":"PropertyValueSpecification","valueRequired":true,"valueName":"search_term_string"}}],"inLanguage":"es"},{"@type":["Person","Organization"],"@id":"https:\/\/prodskill.com\/ko\/#\/schema\/person\/bbad0870c78008c82edbe0960fe768bd","name":"Cerom","image":{"@type":"ImageObject","inLanguage":"es","@id":"https:\/\/prodskill.com\/wp-content\/uploads\/2022\/09\/productivity_clockgear.png","url":"https:\/\/prodskill.com\/wp-content\/uploads\/2022\/09\/productivity_clockgear.png","contentUrl":"https:\/\/prodskill.com\/wp-content\/uploads\/2022\/09\/productivity_clockgear.png","width":512,"height":512,"caption":"Zerom"},"logo":{"@id":"https:\/\/prodskill.com\/wp-content\/uploads\/2022\/09\/productivity_clockgear.png"}}]}},"_links":{"self":[{"href":"https:\/\/prodskill.com\/es\/wp-json\/wp\/v2\/pages\/12251","targetHints":{"allow":["GET"]}}],"collection":[{"href":"https:\/\/prodskill.com\/es\/wp-json\/wp\/v2\/pages"}],"about":[{"href":"https:\/\/prodskill.com\/es\/wp-json\/wp\/v2\/types\/page"}],"author":[{"embeddable":true,"href":"https:\/\/prodskill.com\/es\/wp-json\/wp\/v2\/users\/1"}],"replies":[{"embeddable":true,"href":"https:\/\/prodskill.com\/es\/wp-json\/wp\/v2\/comments?post=12251"}],"version-history":[{"count":0,"href":"https:\/\/prodskill.com\/es\/wp-json\/wp\/v2\/pages\/12251\/revisions"}],"wp:featuredmedia":[{"embeddable":true,"href":"https:\/\/prodskill.com\/es\/wp-json\/wp\/v2\/media\/12252"}],"wp:attachment":[{"href":"https:\/\/prodskill.com\/es\/wp-json\/wp\/v2\/media?parent=12251"}],"curies":[{"name":"gracias","href":"https:\/\/api.w.org\/{rel}","templated":true}]}}