{"id":3,"date":"2022-08-20T12:35:18","date_gmt":"2022-08-20T03:35:18","guid":{"rendered":"https:\/\/proda.tk\/?page_id=3"},"modified":"2022-09-08T00:15:29","modified_gmt":"2022-09-07T15:15:29","slug":"privacy-policy","status":"publish","type":"page","link":"https:\/\/prodskill.com\/de\/privacy-policy\/","title":{"rendered":"Datenschutzrichtlinie"},"content":{"rendered":"<div id=\"ez-toc-container\" class=\"ez-toc-v2_0_82_2 counter-hierarchy ez-toc-counter ez-toc-grey ez-toc-container-direction\">\n<div class=\"ez-toc-title-container\">\n<p class=\"ez-toc-title\" style=\"cursor:inherit\">&lt;&lt;Inhaltsverzeichnis&gt;&gt;<\/p>\n<span class=\"ez-toc-title-toggle\"><a href=\"#\" class=\"ez-toc-pull-right ez-toc-btn ez-toc-btn-xs ez-toc-btn-default ez-toc-toggle\" aria-label=\"Inhaltsverzeichnis umschalten\"><span class=\"ez-toc-js-icon-con\"><span class=\"\"><span class=\"eztoc-hide\" style=\"display:none;\">Umschalten<\/span><span class=\"ez-toc-icon-toggle-span\"><svg style=\"fill: #999;color:#999\" xmlns=\"http:\/\/www.w3.org\/2000\/svg\" class=\"list-377408\" width=\"20px\" height=\"20px\" viewbox=\"0 0 24 24\" fill=\"none\"><path d=\"M6 6H4v2h2V6zm14 0H8v2h12V6zM4 11h2v2H4v-2zm16 0H8v2h12v-2zM4 16h2v2H4v-2zm16 0H8v2h12v-2z\" fill=\"currentColor\"><\/path><\/svg><svg style=\"fill: #999;color:#999\" class=\"arrow-unsorted-368013\" xmlns=\"http:\/\/www.w3.org\/2000\/svg\" width=\"10px\" height=\"10px\" viewbox=\"0 0 24 24\" version=\"1.2\" baseprofile=\"tiny\"><path d=\"M18.2 9.3l-6.2-6.3-6.2 6.3c-.2.2-.3.4-.3.7s.1.5.3.7c.2.2.4.3.7.3h11c.3 0 .5-.1.7-.3.2-.2.3-.5.3-.7s-.1-.5-.3-.7zM5.8 14.7l6.2 6.3 6.2-6.3c.2-.2.3-.5.3-.7s-.1-.5-.3-.7c-.2-.2-.4-.3-.7-.3h-11c-.3 0-.5.1-.7.3-.2.2-.3.5-.3.7s.1.5.3.7z\"\/><\/svg><\/span><\/span><\/span><\/a><\/span><\/div>\n<nav><ul class='ez-toc-list ez-toc-list-level-1' ><li class='ez-toc-page-1 ez-toc-heading-level-2'><a class=\"ez-toc-link ez-toc-heading-1\" href=\"https:\/\/prodskill.com\/de\/privacy-policy\/#%EC%9A%B0%EB%A6%AC%EB%8A%94_%EB%88%84%EA%B5%AC%EC%9D%B8%EA%B0%80%EC%9A%94\" >Wer wir sind<\/a><\/li><li class='ez-toc-page-1 ez-toc-heading-level-2'><a class=\"ez-toc-link ez-toc-heading-2\" href=\"https:\/\/prodskill.com\/de\/privacy-policy\/#%EB%8C%93%EA%B8%80\" >Kommentare<\/a><\/li><li class='ez-toc-page-1 ez-toc-heading-level-2'><a class=\"ez-toc-link ez-toc-heading-3\" href=\"https:\/\/prodskill.com\/de\/privacy-policy\/#%EB%AF%B8%EB%94%94%EC%96%B4\" >Medien<\/a><\/li><li class='ez-toc-page-1 ez-toc-heading-level-2'><a class=\"ez-toc-link ez-toc-heading-4\" href=\"https:\/\/prodskill.com\/de\/privacy-policy\/#%EC%BF%A0%ED%82%A4\" >Pl\u00e4tzchen<\/a><\/li><li class='ez-toc-page-1 ez-toc-heading-level-2'><a class=\"ez-toc-link ez-toc-heading-5\" href=\"https:\/\/prodskill.com\/de\/privacy-policy\/#%EB%8B%A4%EB%A5%B8_%EC%9B%B9%EC%82%AC%EC%9D%B4%ED%8A%B8%EC%97%90%EC%84%9C_%EC%9E%84%EB%B2%A0%EB%93%9C%ED%95%9C_%EC%BD%98%ED%85%90%EC%B8%A0\" >Eingebettete Inhalte von anderen Websites<\/a><\/li><li class='ez-toc-page-1 ez-toc-heading-level-2'><a class=\"ez-toc-link ez-toc-heading-6\" href=\"https:\/\/prodskill.com\/de\/privacy-policy\/#%EB%88%84%EA%B5%AC%EC%99%80_%ED%95%A8%EA%BB%98_%EC%9E%90%EB%A3%8C%EB%A5%BC_%EA%B3%B5%EC%9C%A0%ED%95%98%EB%82%98%EC%9A%94\" >Mit wem teilen Sie Ihre Materialien?<\/a><\/li><li class='ez-toc-page-1 ez-toc-heading-level-2'><a class=\"ez-toc-link ez-toc-heading-7\" href=\"https:\/\/prodskill.com\/de\/privacy-policy\/#%EB%8D%B0%EC%9D%B4%ED%84%B0%EB%A5%BC_%EB%B3%B4%EC%A1%B4%ED%95%98%EB%8A%94_%EA%B8%B0%EA%B0%84\" >Wie lange wir Ihre Daten speichern<\/a><\/li><li class='ez-toc-page-1 ez-toc-heading-level-2'><a class=\"ez-toc-link ez-toc-heading-8\" href=\"https:\/\/prodskill.com\/de\/privacy-policy\/#%EB%8D%B0%EC%9D%B4%ED%84%B0%EC%97%90_%EA%B4%80%ED%95%B4_%EA%B0%96%EB%8A%94_%EA%B6%8C%EB%A6%AC%EC%9D%98_%EC%A2%85%EB%A5%98\" >Welche Rechte Sie an Ihren Daten haben<\/a><\/li><li class='ez-toc-page-1 ez-toc-heading-level-2'><a class=\"ez-toc-link ez-toc-heading-9\" href=\"https:\/\/prodskill.com\/de\/privacy-policy\/#%EB%8D%B0%EC%9D%B4%ED%84%B0%EA%B0%80_%EB%B3%B4%EB%82%B4%EC%A7%80%EB%8A%94_%EA%B3%B3\" >Wohin die Daten gesendet werden<\/a><\/li><\/ul><\/nav><\/div>\n<h2 class=\"wp-block-heading\"><span class=\"ez-toc-section\" id=\"%EC%9A%B0%EB%A6%AC%EB%8A%94_%EB%88%84%EA%B5%AC%EC%9D%B8%EA%B0%80%EC%9A%94\"><\/span>Wer wir sind<span class=\"ez-toc-section-end\"><\/span><\/h2>\n\n\n\n<p>Website-Adresse: https:\/\/prodskill.com<\/p>\n\n\n\n<h2 class=\"wp-block-heading\"><span class=\"ez-toc-section\" id=\"%EB%8C%93%EA%B8%80\"><\/span>Kommentare<span class=\"ez-toc-section-end\"><\/span><\/h2>\n\n\n\n<p><strong class=\"privacy-policy-tutorial\">Textvorschlag: <\/strong>Wenn Besucher Kommentare auf der Site hinterlassen, erfassen wir auch die Daten im Kommentarformular sowie die IP-Adresse des Besuchers und die Zeichenfolge des Browser-Benutzeragenten, um die Spam-Erkennung zu unterst\u00fctzen.<\/p>\n\n\n\n<p>Aus Ihrer E-Mail-Adresse kann eine anonymisierte Zeichenfolge (auch Hash genannt) erstellt und dem Gravatar-Dienst zur Verf\u00fcgung gestellt werden. Damit \u00fcberpr\u00fcfen Sie, ob Sie es verwenden. Die Datenschutzrichtlinie des Gravatar-Dienstes finden Sie unter: https:\/\/automattic.com\/privacy\/. Nachdem Ihr Kommentar freigegeben wurde, ist Ihr Profilbild im Kontext Ihres Kommentars \u00f6ffentlich sichtbar.<\/p>\n\n\n\n<h2 class=\"wp-block-heading\"><span class=\"ez-toc-section\" id=\"%EB%AF%B8%EB%94%94%EC%96%B4\"><\/span>Medien<span class=\"ez-toc-section-end\"><\/span><\/h2>\n\n\n\n<p><strong class=\"privacy-policy-tutorial\">Textvorschlag: <\/strong>Wenn Sie ein Bild auf Ihre Website hochladen, m\u00fcssen Sie beim Hochladen des Bildes die eingebetteten Standortdaten (EXIF GPS) einschlie\u00dfen. Besucher Ihrer Website k\u00f6nnen Standortdaten aus Bildern auf Ihrer Website herunterladen und extrahieren.<\/p>\n\n\n\n<h2 class=\"wp-block-heading\"><span class=\"ez-toc-section\" id=\"%EC%BF%A0%ED%82%A4\"><\/span>Pl\u00e4tzchen<span class=\"ez-toc-section-end\"><\/span><\/h2>\n\n\n\n<p><strong class=\"privacy-policy-tutorial\">Textvorschlag: <\/strong>Wenn Sie auf der Site einen Kommentar hinterlassen, k\u00f6nnen Sie der Speicherung Ihres Namens, Ihrer E-Mail-Adresse und Ihrer Website in Cookies zustimmen. Diese dienen Ihrer Bequemlichkeit, sodass Sie die Details nicht erneut eingeben m\u00fcssen, wenn Sie einen weiteren Kommentar hinterlassen. Dieses Cookie bleibt ein Jahr lang bestehen.<\/p>\n\n\n\n<p>Wenn Sie unsere Anmeldeseite besuchen, erstellen wir ein tempor\u00e4res Cookie, um festzustellen, ob Ihr Browser Cookies akzeptiert. Dieses Cookie enth\u00e4lt keine personenbezogenen Daten und wird gel\u00f6scht, wenn Sie Ihren Browser schlie\u00dfen.<\/p>\n\n\n\n<p>Wenn Sie sich anmelden, setzen wir auch Cookies, um Ihre Anmeldeinformationen zu speichern und Ihre Bildschirmanzeigeeinstellungen zu speichern. Anmelde-Cookies gelten f\u00fcr die letzten 2 Tage und Bildschirmoptionen f\u00fcr das letzte Jahr. Wenn Sie \u201eAngemeldet bleiben\u201c ausw\u00e4hlen, bleibt Ihr Login zwei Wochen lang bestehen. Wenn Sie sich von Ihrem Konto abmelden, werden Ihre Anmelde-Cookies entfernt.<\/p>\n\n\n\n<p>Wenn Sie einen Beitrag bearbeiten oder ver\u00f6ffentlichen, werden zus\u00e4tzliche Cookies in Ihrem Browser gespeichert. Dieses Cookie enth\u00e4lt keine personenbezogenen Daten und gibt lediglich die Beitrags-ID des Beitrags an, den Sie gerade bearbeitet haben.<\/p>\n\n\n\n<h2 class=\"wp-block-heading\"><span class=\"ez-toc-section\" id=\"%EB%8B%A4%EB%A5%B8_%EC%9B%B9%EC%82%AC%EC%9D%B4%ED%8A%B8%EC%97%90%EC%84%9C_%EC%9E%84%EB%B2%A0%EB%93%9C%ED%95%9C_%EC%BD%98%ED%85%90%EC%B8%A0\"><\/span>Eingebettete Inhalte von anderen Websites<span class=\"ez-toc-section-end\"><\/span><\/h2>\n\n\n\n<p><strong class=\"privacy-policy-tutorial\">Textvorschlag: <\/strong>Artikel auf dieser Site k\u00f6nnen eingebettete Inhalte enthalten (z. B. Videos, Bilder, Artikel usw.). Eingebettete Inhalte von anderen Websites verhalten sich exakt so, als ob der Besucher die andere Website besucht h\u00e4tte.<\/p>\n\n\n\n<p>Diese Website kann Daten \u00fcber Sie sammeln, wenn Sie ein Konto haben und auf dieser Website angemeldet sind, Cookies verwenden, zus\u00e4tzliche Tracking-Dienste von Dritten einbetten und Ihre Interaktion mit diesem eingebetteten Inhalt aufzeichnen, einschlie\u00dflich der Verfolgung Ihrer Interaktion mit dem eingebetteten Inhalt.<\/p>\n\n\n\n<h2 class=\"wp-block-heading\"><span class=\"ez-toc-section\" id=\"%EB%88%84%EA%B5%AC%EC%99%80_%ED%95%A8%EA%BB%98_%EC%9E%90%EB%A3%8C%EB%A5%BC_%EA%B3%B5%EC%9C%A0%ED%95%98%EB%82%98%EC%9A%94\"><\/span>Mit wem teilen Sie Ihre Materialien?<span class=\"ez-toc-section-end\"><\/span><\/h2>\n\n\n\n<p><strong class=\"privacy-policy-tutorial\">Textvorschlag: <\/strong>Wenn Sie eine Zur\u00fccksetzung des Passworts anfordern, wird Ihre IP-Adresse in der E-Mail zur Zur\u00fccksetzung enthalten sein.<\/p>\n\n\n\n<h2 class=\"wp-block-heading\"><span class=\"ez-toc-section\" id=\"%EB%8D%B0%EC%9D%B4%ED%84%B0%EB%A5%BC_%EB%B3%B4%EC%A1%B4%ED%95%98%EB%8A%94_%EA%B8%B0%EA%B0%84\"><\/span>Wie lange wir Ihre Daten speichern<span class=\"ez-toc-section-end\"><\/span><\/h2>\n\n\n\n<p><strong class=\"privacy-policy-tutorial\">Textvorschlag: <\/strong>Wenn Sie einen Kommentar hinterlassen, bleiben der Kommentar und seine Metadaten auf unbestimmte Zeit gespeichert. Dadurch soll sichergestellt werden, dass Kommentare erkannt und automatisch genehmigt werden, um zu vermeiden, dass sie in der \u00dcberpr\u00fcfung verbleiben, wenn es verwandte Kommentare gibt.<\/p>\n\n\n\n<p>F\u00fcr Benutzer, die sich auf unserer Website registrieren, speichern wir zus\u00e4tzlich die pers\u00f6nlichen Informationen, die sie in ihrem Benutzerprofil angeben. Alle Benutzer k\u00f6nnen ihre pers\u00f6nlichen Daten jederzeit anzeigen, bearbeiten oder l\u00f6schen (au\u00dfer sie k\u00f6nnen ihren Benutzernamen nicht \u00e4ndern). Website-Administratoren k\u00f6nnen diese Informationen auch anzeigen und bearbeiten.<\/p>\n\n\n\n<h2 class=\"wp-block-heading\"><span class=\"ez-toc-section\" id=\"%EB%8D%B0%EC%9D%B4%ED%84%B0%EC%97%90_%EA%B4%80%ED%95%B4_%EA%B0%96%EB%8A%94_%EA%B6%8C%EB%A6%AC%EC%9D%98_%EC%A2%85%EB%A5%98\"><\/span>Welche Rechte Sie an Ihren Daten haben<span class=\"ez-toc-section-end\"><\/span><\/h2>\n\n\n\n<p><strong class=\"privacy-policy-tutorial\">Textvorschlag: <\/strong>Wenn Sie \u00fcber ein Konto auf der Site verf\u00fcgen oder Kommentare hinterlassen haben, k\u00f6nnen Sie eine exportierte Datei mit den personenbezogenen Daten anfordern, die wir \u00fcber Sie gespeichert haben, einschlie\u00dflich aller Daten, die Sie uns bereitgestellt haben. Sie k\u00f6nnen auch verlangen, dass wir Ihre personenbezogenen Daten l\u00f6schen. Dies umfasst nicht die Daten, die aufgrund administrativer, rechtlicher oder sicherheitsrelevanter Notwendigkeiten aufbewahrt werden m\u00fcssen.<\/p>\n\n\n\n<h2 class=\"wp-block-heading\"><span class=\"ez-toc-section\" id=\"%EB%8D%B0%EC%9D%B4%ED%84%B0%EA%B0%80_%EB%B3%B4%EB%82%B4%EC%A7%80%EB%8A%94_%EA%B3%B3\"><\/span>Wohin die Daten gesendet werden<span class=\"ez-toc-section-end\"><\/span><\/h2>\n\n\n\n<p><strong class=\"privacy-policy-tutorial\">Textvorschlag: <\/strong>Wir k\u00f6nnen Besucherkommentare durch unseren automatisierten Dienst zur Spam-Erkennung pr\u00fcfen.<\/p>","protected":false},"excerpt":{"rendered":"<p>Wer sind wir? Website-Adresse: https:\/\/prodskill.com Kommentarvorschlag: Wenn Besucher Kommentare auf der Website hinterlassen, erfassen wir auch die Daten im Kommentarformular, die IP-Adresse des Besuchers und die Zeichenfolge des Browser-Benutzeragenten, um die Spam-Erkennung zu unterst\u00fctzen. Eine anonymisierte Zeichenfolge, die aus der E-Mail-Adresse erstellt wurde (auch Hash genannt), kann dem Gravatar-Dienst zur Verf\u00fcgung gestellt werden...<\/p>","protected":false},"author":1,"featured_media":0,"parent":0,"menu_order":0,"comment_status":"closed","ping_status":"open","template":"","meta":{"footnotes":""},"class_list":["post-3","page","type-page","status-publish","hentry"],"yoast_head":"<!-- This site is optimized with the Yoast SEO plugin v27.5 - https:\/\/yoast.com\/product\/yoast-seo-wordpress\/ -->\n<title>\uac1c\uc778\uc815\ubcf4 \ucc98\ub9ac\ubc29\uce68 - \uc0dd\uc0b0\uc131 Skill<\/title>\n<meta name=\"robots\" content=\"index, follow, max-snippet:-1, max-image-preview:large, max-video-preview:-1\" \/>\n<link rel=\"canonical\" href=\"https:\/\/prodskill.com\/de\/privacy-policy\/\" \/>\n<meta property=\"og:locale\" content=\"de_DE\" \/>\n<meta property=\"og:type\" content=\"article\" \/>\n<meta property=\"og:title\" content=\"\uac1c\uc778\uc815\ubcf4 \ucc98\ub9ac\ubc29\uce68 - \uc0dd\uc0b0\uc131 Skill\" \/>\n<meta property=\"og:description\" content=\"\uc6b0\ub9ac\ub294 \ub204\uad6c\uc778\uac00\uc694 \uc6f9\uc0ac\uc774\ud2b8 \uc8fc\uc18c: https:\/\/prodskill.com \ub313\uae00 \uc81c\uc548\ub41c \ud14d\uc2a4\ud2b8: \ubc29\ubb38\uc790\uac00 \uc0ac\uc774\ud2b8\uc5d0 \ub313\uae00\uc744 \ub0a8\uae38 \ub54c \ub313\uae00 \uc591\uc2dd\uc5d0 \uc788\ub294 \uc790\ub8cc, \uc2a4\ud338 \uac10\uc9c0\ub97c \ub3c4\uc6b8 \uc218 \uc788\ub294 \ubc29\ubb38\uc790\uc758 IP \uc8fc\uc18c\uc640 \ube0c\ub77c\uc6b0\uc800 \uc0ac\uc6a9\uc790 \uc5d0\uc774\uc804\ud2b8 \ubb38\uc790\uc5f4 \ub610\ud55c \uc218\uc9d1\ud569\ub2c8\ub2e4. \uc774\uba54\uc77c\uc5d0\uc11c \uc0dd\uc131\ub41c \uc775\uba85\ud654\ub41c \ubb38\uc790\uc5f4(\ud574\uc2dc\ub85c \ubd88\ub9ac\uae30\ub3c4 \ud568)\uc774 \uadf8\ub77c\ubc14\ud0c0 \uc11c\ube44\uc2a4\uc5d0 \uc81c\uacf5\ub420&#046;&#046;&#046;\" \/>\n<meta property=\"og:url\" content=\"https:\/\/prodskill.com\/de\/privacy-policy\/\" \/>\n<meta property=\"og:site_name\" content=\"\uc0dd\uc0b0\uc131 Skill\" \/>\n<meta property=\"article:modified_time\" content=\"2022-09-07T15:15:29+00:00\" \/>\n<meta name=\"twitter:card\" content=\"summary_large_image\" \/>\n<script type=\"application\/ld+json\" class=\"yoast-schema-graph\">{\"@context\":\"https:\\\/\\\/schema.org\",\"@graph\":[{\"@type\":\"WebPage\",\"@id\":\"https:\\\/\\\/prodskill.com\\\/privacy-policy\\\/\",\"url\":\"https:\\\/\\\/prodskill.com\\\/privacy-policy\\\/\",\"name\":\"\uac1c\uc778\uc815\ubcf4 \ucc98\ub9ac\ubc29\uce68 - \uc0dd\uc0b0\uc131 Skill\",\"isPartOf\":{\"@id\":\"https:\\\/\\\/prodskill.com\\\/ko\\\/#website\"},\"datePublished\":\"2022-08-20T03:35:18+00:00\",\"dateModified\":\"2022-09-07T15:15:29+00:00\",\"breadcrumb\":{\"@id\":\"https:\\\/\\\/prodskill.com\\\/privacy-policy\\\/#breadcrumb\"},\"inLanguage\":\"de\",\"potentialAction\":[{\"@type\":\"ReadAction\",\"target\":[\"https:\\\/\\\/prodskill.com\\\/privacy-policy\\\/\"]}]},{\"@type\":\"BreadcrumbList\",\"@id\":\"https:\\\/\\\/prodskill.com\\\/privacy-policy\\\/#breadcrumb\",\"itemListElement\":[{\"@type\":\"ListItem\",\"position\":1,\"name\":\"Home\",\"item\":\"https:\\\/\\\/prodskill.com\\\/ko\\\/\"},{\"@type\":\"ListItem\",\"position\":2,\"name\":\"\uac1c\uc778\uc815\ubcf4 \ucc98\ub9ac\ubc29\uce68\"}]},{\"@type\":\"WebSite\",\"@id\":\"https:\\\/\\\/prodskill.com\\\/ko\\\/#website\",\"url\":\"https:\\\/\\\/prodskill.com\\\/ko\\\/\",\"name\":\"\uc0dd\uc0b0\uc131 Skill\",\"description\":\"Meta Thinking, Meta Working\",\"publisher\":{\"@id\":\"https:\\\/\\\/prodskill.com\\\/ko\\\/#\\\/schema\\\/person\\\/bbad0870c78008c82edbe0960fe768bd\"},\"potentialAction\":[{\"@type\":\"SearchAction\",\"target\":{\"@type\":\"EntryPoint\",\"urlTemplate\":\"https:\\\/\\\/prodskill.com\\\/ko\\\/?s={search_term_string}\"},\"query-input\":{\"@type\":\"PropertyValueSpecification\",\"valueRequired\":true,\"valueName\":\"search_term_string\"}}],\"inLanguage\":\"de\"},{\"@type\":[\"Person\",\"Organization\"],\"@id\":\"https:\\\/\\\/prodskill.com\\\/ko\\\/#\\\/schema\\\/person\\\/bbad0870c78008c82edbe0960fe768bd\",\"name\":\"Zerom\",\"image\":{\"@type\":\"ImageObject\",\"inLanguage\":\"de\",\"@id\":\"https:\\\/\\\/prodskill.com\\\/wp-content\\\/uploads\\\/2022\\\/09\\\/productivity_clockgear.png\",\"url\":\"https:\\\/\\\/prodskill.com\\\/wp-content\\\/uploads\\\/2022\\\/09\\\/productivity_clockgear.png\",\"contentUrl\":\"https:\\\/\\\/prodskill.com\\\/wp-content\\\/uploads\\\/2022\\\/09\\\/productivity_clockgear.png\",\"width\":512,\"height\":512,\"caption\":\"Zerom\"},\"logo\":{\"@id\":\"https:\\\/\\\/prodskill.com\\\/wp-content\\\/uploads\\\/2022\\\/09\\\/productivity_clockgear.png\"}}]}<\/script>\n<!-- \/ Yoast SEO plugin. -->","yoast_head_json":{"title":"Datenschutzrichtlinie \u2013 Produktivit\u00e4tskompetenz","robots":{"index":"index","follow":"follow","max-snippet":"max-snippet:-1","max-image-preview":"max-image-preview:large","max-video-preview":"max-video-preview:-1"},"canonical":"https:\/\/prodskill.com\/de\/privacy-policy\/","og_locale":"de_DE","og_type":"article","og_title":"\uac1c\uc778\uc815\ubcf4 \ucc98\ub9ac\ubc29\uce68 - \uc0dd\uc0b0\uc131 Skill","og_description":"\uc6b0\ub9ac\ub294 \ub204\uad6c\uc778\uac00\uc694 \uc6f9\uc0ac\uc774\ud2b8 \uc8fc\uc18c: https:\/\/prodskill.com \ub313\uae00 \uc81c\uc548\ub41c \ud14d\uc2a4\ud2b8: \ubc29\ubb38\uc790\uac00 \uc0ac\uc774\ud2b8\uc5d0 \ub313\uae00\uc744 \ub0a8\uae38 \ub54c \ub313\uae00 \uc591\uc2dd\uc5d0 \uc788\ub294 \uc790\ub8cc, \uc2a4\ud338 \uac10\uc9c0\ub97c \ub3c4\uc6b8 \uc218 \uc788\ub294 \ubc29\ubb38\uc790\uc758 IP \uc8fc\uc18c\uc640 \ube0c\ub77c\uc6b0\uc800 \uc0ac\uc6a9\uc790 \uc5d0\uc774\uc804\ud2b8 \ubb38\uc790\uc5f4 \ub610\ud55c \uc218\uc9d1\ud569\ub2c8\ub2e4. \uc774\uba54\uc77c\uc5d0\uc11c \uc0dd\uc131\ub41c \uc775\uba85\ud654\ub41c \ubb38\uc790\uc5f4(\ud574\uc2dc\ub85c \ubd88\ub9ac\uae30\ub3c4 \ud568)\uc774 \uadf8\ub77c\ubc14\ud0c0 \uc11c\ube44\uc2a4\uc5d0 \uc81c\uacf5\ub420&#46;&#46;&#46;","og_url":"https:\/\/prodskill.com\/de\/privacy-policy\/","og_site_name":"\uc0dd\uc0b0\uc131 Skill","article_modified_time":"2022-09-07T15:15:29+00:00","twitter_card":"summary_large_image","schema":{"@context":"https:\/\/schema.org","@graph":[{"@type":"WebPage","@id":"https:\/\/prodskill.com\/privacy-policy\/","url":"https:\/\/prodskill.com\/privacy-policy\/","name":"Datenschutzrichtlinie \u2013 Produktivit\u00e4tskompetenz","isPartOf":{"@id":"https:\/\/prodskill.com\/ko\/#website"},"datePublished":"2022-08-20T03:35:18+00:00","dateModified":"2022-09-07T15:15:29+00:00","breadcrumb":{"@id":"https:\/\/prodskill.com\/privacy-policy\/#breadcrumb"},"inLanguage":"de","potentialAction":[{"@type":"ReadAction","target":["https:\/\/prodskill.com\/privacy-policy\/"]}]},{"@type":"BreadcrumbList","@id":"https:\/\/prodskill.com\/privacy-policy\/#breadcrumb","itemListElement":[{"@type":"ListItem","position":1,"name":"Home","item":"https:\/\/prodskill.com\/ko\/"},{"@type":"ListItem","position":2,"name":"\uac1c\uc778\uc815\ubcf4 \ucc98\ub9ac\ubc29\uce68"}]},{"@type":"WebSite","@id":"https:\/\/prodskill.com\/ko\/#website","url":"https:\/\/prodskill.com\/ko\/","name":"Produktivit\u00e4tsf\u00e4higkeiten","description":"Meta-Denken, Meta-Arbeiten","publisher":{"@id":"https:\/\/prodskill.com\/ko\/#\/schema\/person\/bbad0870c78008c82edbe0960fe768bd"},"potentialAction":[{"@type":"SearchAction","target":{"@type":"EntryPoint","urlTemplate":"https:\/\/prodskill.com\/ko\/?s={search_term_string}"},"query-input":{"@type":"PropertyValueSpecification","valueRequired":true,"valueName":"search_term_string"}}],"inLanguage":"de"},{"@type":["Person","Organization"],"@id":"https:\/\/prodskill.com\/ko\/#\/schema\/person\/bbad0870c78008c82edbe0960fe768bd","name":"Nullm","image":{"@type":"ImageObject","inLanguage":"de","@id":"https:\/\/prodskill.com\/wp-content\/uploads\/2022\/09\/productivity_clockgear.png","url":"https:\/\/prodskill.com\/wp-content\/uploads\/2022\/09\/productivity_clockgear.png","contentUrl":"https:\/\/prodskill.com\/wp-content\/uploads\/2022\/09\/productivity_clockgear.png","width":512,"height":512,"caption":"Zerom"},"logo":{"@id":"https:\/\/prodskill.com\/wp-content\/uploads\/2022\/09\/productivity_clockgear.png"}}]}},"_links":{"self":[{"href":"https:\/\/prodskill.com\/de\/wp-json\/wp\/v2\/pages\/3","targetHints":{"allow":["GET"]}}],"collection":[{"href":"https:\/\/prodskill.com\/de\/wp-json\/wp\/v2\/pages"}],"about":[{"href":"https:\/\/prodskill.com\/de\/wp-json\/wp\/v2\/types\/page"}],"author":[{"embeddable":true,"href":"https:\/\/prodskill.com\/de\/wp-json\/wp\/v2\/users\/1"}],"replies":[{"embeddable":true,"href":"https:\/\/prodskill.com\/de\/wp-json\/wp\/v2\/comments?post=3"}],"version-history":[{"count":0,"href":"https:\/\/prodskill.com\/de\/wp-json\/wp\/v2\/pages\/3\/revisions"}],"wp:attachment":[{"href":"https:\/\/prodskill.com\/de\/wp-json\/wp\/v2\/media?parent=3"}],"curies":[{"name":"wp","href":"https:\/\/api.w.org\/{rel}","templated":true}]}}