{"id":12251,"date":"2022-10-27T18:39:00","date_gmt":"2022-10-27T09:39:00","guid":{"rendered":"https:\/\/prodskill.com\/?page_id=12251"},"modified":"2022-10-27T18:44:47","modified_gmt":"2022-10-27T09:44:47","slug":"tool-license","status":"publish","type":"page","link":"https:\/\/prodskill.com\/de\/tool-license\/","title":{"rendered":"[\uc911\uc694] \uacf5\uac1c\ud558\ub294 \ub3c4\uad6c\uc758 \ub77c\uc774\uc120\uc2a4"},"content":{"rendered":"<p>Alle Tools, die ich ver\u00f6ffentliche, laden den Quellcode auf github hoch. Jedes Tool folgt der Lizenz, die in jedem Github-Repository angegeben ist.<\/p>\n\n\n\n<p>Github-Link:&nbsp;<a href=\"https:\/\/github.com\/DAToolset\" target=\"_blank\" rel=\"noreferrer noopener\">https:\/\/github.com\/DAToolset<\/a><\/p>\n\n\n\n<p>Ich habe die BSD-2-Lizenz im Github-Repository als Standard festgelegt.<\/p>\n\n\n<div class=\"wp-block-image\">\n<figure class=\"aligncenter size-full\"><a href=\"https:\/\/prodskill.com\/wp-content\/uploads\/2022\/10\/image-160.png\"><img loading=\"lazy\" decoding=\"async\" width=\"640\" height=\"226\" src=\"https:\/\/prodskill.com\/wp-content\/uploads\/2022\/10\/image-160.png\" alt=\"BSD \ub77c\uc774\uc120\uc2a4 \uc774\ubbf8\uc9c0\" class=\"wp-image-12252\" srcset=\"https:\/\/prodskill.com\/wp-content\/uploads\/2022\/10\/image-160.png 640w, https:\/\/prodskill.com\/wp-content\/uploads\/2022\/10\/image-160-300x106.png 300w, https:\/\/prodskill.com\/wp-content\/uploads\/2022\/10\/image-160-18x6.png 18w, https:\/\/prodskill.com\/wp-content\/uploads\/2022\/10\/image-160-24x8.png 24w, https:\/\/prodskill.com\/wp-content\/uploads\/2022\/10\/image-160-36x13.png 36w, https:\/\/prodskill.com\/wp-content\/uploads\/2022\/10\/image-160-48x17.png 48w\" sizes=\"auto, (max-width: 640px) 100vw, 640px\" \/><\/a><figcaption>BSD lizenziertes Image<br>Quelle: <a href=\"https:\/\/commons.wikimedia.org\/wiki\/File:License_icon-bsd-88x31.svg\" target=\"_blank\" rel=\"noreferrer noopener\">Datei:Lizenzsymbol-bsd-88\u00d731.svg \u2013 Wikimedia Commons<\/a><\/figcaption><\/figure>\n<\/div>\n\n\n<div id=\"ez-toc-container\" class=\"ez-toc-v2_0_82_2 counter-hierarchy ez-toc-counter ez-toc-grey ez-toc-container-direction\">\n<div class=\"ez-toc-title-container\">\n<p class=\"ez-toc-title\" style=\"cursor:inherit\">&lt;&lt;Inhaltsverzeichnis&gt;&gt;<\/p>\n<span class=\"ez-toc-title-toggle\"><a href=\"#\" class=\"ez-toc-pull-right ez-toc-btn ez-toc-btn-xs ez-toc-btn-default ez-toc-toggle\" aria-label=\"Inhaltsverzeichnis umschalten\"><span class=\"ez-toc-js-icon-con\"><span class=\"\"><span class=\"eztoc-hide\" style=\"display:none;\">Umschalten<\/span><span class=\"ez-toc-icon-toggle-span\"><svg style=\"fill: #999;color:#999\" xmlns=\"http:\/\/www.w3.org\/2000\/svg\" class=\"list-377408\" width=\"20px\" height=\"20px\" viewbox=\"0 0 24 24\" fill=\"none\"><path d=\"M6 6H4v2h2V6zm14 0H8v2h12V6zM4 11h2v2H4v-2zm16 0H8v2h12v-2zM4 16h2v2H4v-2zm16 0H8v2h12v-2z\" fill=\"currentColor\"><\/path><\/svg><svg style=\"fill: #999;color:#999\" class=\"arrow-unsorted-368013\" xmlns=\"http:\/\/www.w3.org\/2000\/svg\" width=\"10px\" height=\"10px\" viewbox=\"0 0 24 24\" version=\"1.2\" baseprofile=\"tiny\"><path d=\"M18.2 9.3l-6.2-6.3-6.2 6.3c-.2.2-.3.4-.3.7s.1.5.3.7c.2.2.4.3.7.3h11c.3 0 .5-.1.7-.3.2-.2.3-.5.3-.7s-.1-.5-.3-.7zM5.8 14.7l6.2 6.3 6.2-6.3c.2-.2.3-.5.3-.7s-.1-.5-.3-.7c-.2-.2-.4-.3-.7-.3h-11c-.3 0-.5.1-.7.3-.2.2-.3.5-.3.7s.1.5.3.7z\"\/><\/svg><\/span><\/span><\/span><\/a><\/span><\/div>\n<nav><ul class='ez-toc-list ez-toc-list-level-1' ><li class='ez-toc-page-1 ez-toc-heading-level-2'><a class=\"ez-toc-link ez-toc-heading-1\" href=\"https:\/\/prodskill.com\/de\/tool-license\/#2-clause_BSD_%EB%9D%BC%EC%9D%B4%EC%84%A0%EC%8A%A4_BSD-2-Clause_%EC%A3%BC%EC%9A%94%EB%82%B4%EC%9A%A9\" >2-Klausel-BSD-Lizenz (BSD-2-Klausel)<\/a><\/li><li class='ez-toc-page-1 ez-toc-heading-level-2'><a class=\"ez-toc-link ez-toc-heading-2\" href=\"https:\/\/prodskill.com\/de\/tool-license\/#2-Clause_BSD_License_%EC%9B%90%EB%AC%B8\" >2-Klausel-BSD-Lizenz<\/a><\/li><li class='ez-toc-page-1 ez-toc-heading-level-2'><a class=\"ez-toc-link ez-toc-heading-3\" href=\"https:\/\/prodskill.com\/de\/tool-license\/#%EC%A0%80%EC%9E%91%EA%B6%8C_%EB%AA%85%EC%8B%9C\" >Copyright-Erkl\u00e4rung<\/a><\/li><li class='ez-toc-page-1 ez-toc-heading-level-2'><a class=\"ez-toc-link ez-toc-heading-4\" href=\"https:\/\/prodskill.com\/de\/tool-license\/#%EB%8D%A7%EB%B6%99%EC%9E%84\" >anh\u00e4ngen<\/a><\/li><\/ul><\/nav><\/div>\n<h2 class=\"wp-block-heading\"><span class=\"ez-toc-section\" id=\"2-clause_BSD_%EB%9D%BC%EC%9D%B4%EC%84%A0%EC%8A%A4_BSD-2-Clause_%EC%A3%BC%EC%9A%94%EB%82%B4%EC%9A%A9\"><\/span>2-Klausel-BSD-Lizenz (BSD-2-Klausel)<span class=\"ez-toc-section-end\"><\/span><\/h2>\n\n\n\n<figure class=\"wp-block-table\"><table><tbody><tr><th>Erlaubnis zur Vervielf\u00e4ltigung, Verbreitung und \u00c4nderung<\/th><td>m\u00f6glich<\/td><\/tr><tr><th>F\u00fcgen Sie bei der Verteilung eine Kopie der Lizenz bei<\/th><td>m\u00f6glich<\/td><\/tr><tr><th>Urheberrechtshinweise oder Namensnennungen beibehalten<\/th><td>m\u00f6glich<\/td><\/tr><tr><th>Verpflichtung zur Bereitstellung des Quellcodes f\u00fcr die Verteilung (Reziprozit\u00e4t) und Umfang<\/th><td>nicht angegeben<\/td><\/tr><tr><th>Genehmigung gr\u00f6\u00dferer Arbeiten und Verteilung anderer Lizenzen erlaubt<\/th><td>bedingt verf\u00fcgbar<\/td><\/tr><tr><th>Benachrichtigung \u00fcber \u00c4nderungen bei \u00c4nderung<\/th><td>nicht angegeben<\/td><\/tr><tr><th>Erteilung einer ausdr\u00fccklichen Patentlizenz<\/th><td>nicht angegeben<\/td><\/tr><tr><th>Beendigung der Lizenz, wenn der Lizenznehmer eine Patentklage einreicht<\/th><td>nicht angegeben<\/td><\/tr><tr><th>Beschr\u00e4nkungen der Verwendung von Namen, Warenzeichen und Handelsnamen<\/th><td>m\u00f6glich<\/td><\/tr><tr><th>VERZICHTSERKL\u00c4RUNG DER GARANTIE<\/th><td>m\u00f6glich<\/td><\/tr><tr><th>Haftungsbeschr\u00e4nkung<\/th><td>m\u00f6glich<\/td><\/tr><\/tbody><\/table><\/figure>\n\n\n\n<p>&lt;Quelle: <a href=\"https:\/\/www.olis.or.kr\/license\/Detailselect.do?lId=1093&amp;mapCode=010003&amp;lType=osi\" target=\"_blank\" rel=\"noreferrer noopener\">https:\/\/www.olis.or.kr\/license\/Detailselect.do?lId=1093&amp;mapCode=010003&amp;lType=osi<\/a>&gt;<\/p>\n\n\n\n<h2 class=\"wp-block-heading\"><span class=\"ez-toc-section\" id=\"2-Clause_BSD_License_%EC%9B%90%EB%AC%B8\"><\/span>2-Klausel-BSD-Lizenz<span class=\"ez-toc-section-end\"><\/span><\/h2>\n\n\n\n<blockquote class=\"wp-block-quote is-layout-flow wp-block-quote-is-layout-flow\"><p>Urheberrechte \u00a9<\/p><p>Weiterverteilung und Verwendung in Quell- und Bin\u00e4rform, mit oder ohne \u00c4nderung, sind gestattet, sofern die folgenden Bedingungen erf\u00fcllt sind:<\/p><p>1. Weiterverteilungen des Quellcodes m\u00fcssen den obigen Urheberrechtshinweis, diese Liste der Bedingungen und den folgenden Haftungsausschluss enthalten.<\/p><p>2. Weiterverteilungen in bin\u00e4rer Form m\u00fcssen den obigen Urheberrechtshinweis, diese Liste der Bedingungen und den folgenden Haftungsausschluss in der Dokumentation und\/oder anderen Materialien wiedergeben, die mit der Verteilung geliefert werden.<\/p><p>DIESE SOFTWARE WIRD VON DEN COPYRIGHT-INHABERN UND MITARBEITERN \u201eWIE BESEHEN\u201c ZUR VERF\u00dcGUNG GESTELLT. JEGLICHE AUSDR\u00dcCKLICHE ODER STILLSCHWEIGENDE GEW\u00c4HRLEISTUNGEN, EINSCHLIESSLICH, ABER NICHT BESCHR\u00c4NKT AUF, STILLSCHWEIGENDE GEW\u00c4HRLEISTUNGEN DER MARKTG\u00c4NGIGKEIT UND EIGNUNG F\u00dcR EINEN BESTIMMTEN ZWECK, WERDEN AUSGESCHLOSSEN. IN KEINEM FALL SIND DER COPYRIGHT-INHABER ODER MITARBEITER HAFTBAR F\u00dcR DIREKTE, INDIREKTE, ZUF\u00c4LLIGE, BESONDERE, EXEMPLARISCHE ODER FOLGESCH\u00c4DEN (EINSCHLIESSLICH, ABER NICHT BESCHR\u00c4NKT AUF DIE BESCHAFFUNG VON ERSATZG\u00dcTERN ODER -DIENSTLEISTUNGEN; VERLUSTE VON NUTZUNG, DATEN ODER GEWINNEN); ODER GESCH\u00c4FTSUNTERBRECHUNG), JEDOCH AUS DER VERURSACHUNG UND AUF JEGLICHER HAFTUNGSTHEORIE, SEI ES AUS VERTRAG, GEFAHRENHAFTUNG ODER unerlaubter Handlung (EINSCHLIESSLICH FAHRL\u00c4SSIGKEIT ODER ANDERWEITIG), DIE SICH IN IRGENDEINER WEISE AUS DER NUTZUNG DIESER SOFTWARE ERGEBEN, AUCH WENN AUF DIE M\u00d6GLICHKEIT SOLCHER SCH\u00c4DEN HINGEWIESEN WURDE.<\/p><\/blockquote>\n\n\n\n<p>&lt;Quelle: <a href=\"https:\/\/opensource.org\/licenses\/BSD-2-Clause\" target=\"_blank\" rel=\"noreferrer noopener\">Die 2-Klausel-BSD-Lizenz | Open-Source-Initiative<\/a>&gt;<\/p>\n\n\n\n<h2 class=\"wp-block-heading\"><span class=\"ez-toc-section\" id=\"%EC%A0%80%EC%9E%91%EA%B6%8C_%EB%AA%85%EC%8B%9C\"><\/span>Copyright-Erkl\u00e4rung<span class=\"ez-toc-section-end\"><\/span><\/h2>\n\n\n\n<p>Die grundlegenden Informationen des Autors sind wie folgt.<\/p>\n\n\n\n<ul class=\"wp-block-list\"><li>Autor: Youngmin Lee<\/li><li>\uc774\uba54\uc77c:&nbsp;leeyoungmin@gmail.com<\/li><li>Blog:&nbsp;<a href=\"https:\/\/prodtool.tistory.com\/\" target=\"_blank\" rel=\"noreferrer noopener\">https:\/\/prodskill.com\/<\/a> (Alte Blogadresse: <a href=\"https:\/\/prodtool.tistory.com\/\" target=\"_blank\" rel=\"noreferrer noopener\">https:\/\/prodtool.tistory.com\/<\/a>)<\/li><li>github:&nbsp;<a href=\"https:\/\/github.com\/DAToolset\" target=\"_blank\" rel=\"noreferrer noopener\">https:\/\/github.com\/DAToolset<\/a><\/li><\/ul>\n\n\n\n<p>Der Quellcode der von mir offengelegten Tools kann unter den folgenden Bedingungen uneingeschr\u00e4nkt genutzt werden.<\/p>\n\n\n\n<ol class=\"wp-block-list\"><li><strong>Vermerk des Urheberrechtsinhabers: Name, E-Mail-Adresse, Blog-Adresse und Github-Repository-Adresse des Urheberrechtsinhabers m\u00fcssen unver\u00e4ndert verwendet werden.<\/strong>&nbsp;Wenn Sie den Quellcode \u00e4ndern und verwenden, k\u00f6nnen Sie Inhalte hinzuf\u00fcgen, die sich auf den sekund\u00e4ren Autor beziehen.<\/li><li><strong>HAFTUNGSAUSSCHLUSS: Der Urheberrechtsinhaber kann nicht f\u00fcr Probleme haftbar gemacht werden, die sich aus der Verwendung dieses Quellcodes und dieser Tools ergeben.<\/strong><\/li><\/ol>\n\n\n\n<p>Wenn die oben genannten Bedingungen erf\u00fcllt sind, ist es f\u00fcr alle Zwecke zul\u00e4ssig, wie z. B. die pers\u00f6nliche Nutzung wie Lernen\/Nutzung, die Nutzung dieses Tools im Gesch\u00e4ftsleben oder die Nutzung des Tools, um es in ein kommerzielles Produkt einzuf\u00fcgen, indem der Quellcode ge\u00e4ndert wird .<\/p>\n\n\n\n<p>Sie m\u00fcssen den Quellcode der abgeleiteten Werke nicht offenlegen. Wenn es jedoch kein Problem ist, m\u00f6chte ich Sie bitten, mir mitzuteilen, f\u00fcr welche Nebenarbeiten Sie es verwendet haben. Sie k\u00f6nnen es per E-Mail oder Blog-Kommentar senden. Ich frage nur, weil ich neugierig bin, wer es wo verwendet hat.<\/p>\n\n\n\n<p>Irgendwann hatte ich die Idee, es zu kommerzialisieren, aber ich entschied mich, einfach die Quelle zu \u00f6ffnen. Stattdessen werden wir eine ausf\u00fchrliche Erkl\u00e4rung im Blog ver\u00f6ffentlichen und Google AdSense-Anzeigen darauf platzieren.<\/p>\n\n\n\n<h2 class=\"wp-block-heading\"><span class=\"ez-toc-section\" id=\"%EB%8D%A7%EB%B6%99%EC%9E%84\"><\/span>anh\u00e4ngen<span class=\"ez-toc-section-end\"><\/span><\/h2>\n\n\n\n<p>Die Tools, die ich offenlege, sind Tools, die ich seit 15 Jahren im Projektbereich in Bezug auf DA (Data Architecture) selbst erstellt habe. Dies ist das Ergebnis von \u00dcberlegungen zur Steigerung der Produktivit\u00e4t durch Reduzierung sich wiederholender manueller Arbeiten bei gleichzeitiger Steigerung der Qualit\u00e4t.<\/p>\n\n\n\n<p>Schreiben ist besser als Sprechen, und ich denke, der beste Weg, Wissen zu vermitteln, ist das Schreiben, das mit Werkzeugen einhergeht, anstatt nur zu schreiben. Ich mache aus meiner Arbeitsweise ein Werkzeug, schreibe \u00fcber den Zweck des Werkzeugs und seine Verwendung und ver\u00f6ffentliche es in diesem Blog.<\/p>\n\n\n\n<p>Es ist zu hoffen, dass diese Tools einige der Schwierigkeiten und Probleme lindern k\u00f6nnen, denen die Verantwortlichen f\u00fcr DA-Arbeit ausgesetzt sind.<\/p>","protected":false},"excerpt":{"rendered":"<p>Alle von mir ver\u00f6ffentlichten Tools werden als Quellcode auf GitHub hochgeladen. Jedes Tool unterliegt der in seinem GitHub-Repository angegebenen Lizenz. GitHub-Link: https:\/\/github.com\/DAToolset Ich habe die BSD-2-Lizenz als Standard f\u00fcr mein GitHub-Repository festgelegt. Die 2-Klausel-BSD-Lizenz (BSD-2-Clause) erlaubt das Kopieren, Verteilen und Modifizieren. Beim Verteilen...<\/p>","protected":false},"author":1,"featured_media":12252,"parent":0,"menu_order":0,"comment_status":"open","ping_status":"closed","template":"","meta":{"footnotes":""},"class_list":["post-12251","page","type-page","status-publish","has-post-thumbnail","hentry"],"yoast_head":"<!-- This site is optimized with the Yoast SEO plugin v27.4 - https:\/\/yoast.com\/product\/yoast-seo-wordpress\/ -->\n<title>[\uc911\uc694] \uacf5\uac1c\ud558\ub294 \ub3c4\uad6c\uc758 \ub77c\uc774\uc120\uc2a4 - \uc0dd\uc0b0\uc131 Skill<\/title>\n<meta name=\"description\" content=\"\uc81c\uac00 \uacf5\uac1c\ud558\ub294 \ub3c4\uad6c\ub4e4\uc740 \ubaa8\ub450 \uc18c\uc2a4\ucf54\ub4dc\ub97c github\uc5d0 \uc5c5\ub85c\ub4dc \ud569\ub2c8\ub2e4. \uac01 \ub3c4\uad6c\ub294 \uac01 github repository\uc5d0 \uc9c0\uc815\ub41c \ub77c\uc774\uc120\uc2a4 \ub97c \ub530\ub985\ub2c8\ub2e4. \uc800\ub294 github repository\uc5d0 BSD-2 \ub77c\uc774\uc120\uc2a4 \ub97c \uae30\ubcf8\uc73c\ub85c \uc9c0\uc815\ud574 \ub450\uc5c8\uc2b5\ub2c8\ub2e4.\" \/>\n<meta name=\"robots\" content=\"index, follow, max-snippet:-1, max-image-preview:large, max-video-preview:-1\" \/>\n<link rel=\"canonical\" href=\"https:\/\/prodskill.com\/de\/tool-license\/\" \/>\n<meta property=\"og:locale\" content=\"de_DE\" \/>\n<meta property=\"og:type\" content=\"article\" \/>\n<meta property=\"og:title\" content=\"[\uc911\uc694] \uacf5\uac1c\ud558\ub294 \ub3c4\uad6c\uc758 \ub77c\uc774\uc120\uc2a4 - \uc0dd\uc0b0\uc131 Skill\" \/>\n<meta property=\"og:description\" content=\"\uc81c\uac00 \uacf5\uac1c\ud558\ub294 \ub3c4\uad6c\ub4e4\uc740 \ubaa8\ub450 \uc18c\uc2a4\ucf54\ub4dc\ub97c github\uc5d0 \uc5c5\ub85c\ub4dc \ud569\ub2c8\ub2e4. \uac01 \ub3c4\uad6c\ub294 \uac01 github repository\uc5d0 \uc9c0\uc815\ub41c \ub77c\uc774\uc120\uc2a4 \ub97c \ub530\ub985\ub2c8\ub2e4. \uc800\ub294 github repository\uc5d0 BSD-2 \ub77c\uc774\uc120\uc2a4 \ub97c \uae30\ubcf8\uc73c\ub85c \uc9c0\uc815\ud574 \ub450\uc5c8\uc2b5\ub2c8\ub2e4.\" \/>\n<meta property=\"og:url\" content=\"https:\/\/prodskill.com\/de\/tool-license\/\" \/>\n<meta property=\"og:site_name\" content=\"\uc0dd\uc0b0\uc131 Skill\" \/>\n<meta property=\"article:modified_time\" content=\"2022-10-27T09:44:47+00:00\" \/>\n<meta property=\"og:image\" content=\"https:\/\/prodskill.com\/wp-content\/uploads\/2022\/10\/image-160.png\" \/>\n\t<meta property=\"og:image:width\" content=\"640\" \/>\n\t<meta property=\"og:image:height\" content=\"226\" \/>\n\t<meta property=\"og:image:type\" content=\"image\/png\" \/>\n<meta name=\"twitter:card\" content=\"summary_large_image\" \/>\n<meta name=\"twitter:label1\" content=\"Gesch\u00e4tzte Lesezeit\" \/>\n\t<meta name=\"twitter:data1\" content=\"4\u00a0Minuten\" \/>\n<script type=\"application\/ld+json\" class=\"yoast-schema-graph\">{\"@context\":\"https:\\\/\\\/schema.org\",\"@graph\":[{\"@type\":\"WebPage\",\"@id\":\"https:\\\/\\\/prodskill.com\\\/tool-license\\\/\",\"url\":\"https:\\\/\\\/prodskill.com\\\/tool-license\\\/\",\"name\":\"[\uc911\uc694] \uacf5\uac1c\ud558\ub294 \ub3c4\uad6c\uc758 \ub77c\uc774\uc120\uc2a4 - \uc0dd\uc0b0\uc131 Skill\",\"isPartOf\":{\"@id\":\"https:\\\/\\\/prodskill.com\\\/ko\\\/#website\"},\"primaryImageOfPage\":{\"@id\":\"https:\\\/\\\/prodskill.com\\\/tool-license\\\/#primaryimage\"},\"image\":{\"@id\":\"https:\\\/\\\/prodskill.com\\\/tool-license\\\/#primaryimage\"},\"thumbnailUrl\":\"https:\\\/\\\/prodskill.com\\\/wp-content\\\/uploads\\\/2022\\\/10\\\/image-160.png\",\"datePublished\":\"2022-10-27T09:39:00+00:00\",\"dateModified\":\"2022-10-27T09:44:47+00:00\",\"description\":\"\uc81c\uac00 \uacf5\uac1c\ud558\ub294 \ub3c4\uad6c\ub4e4\uc740 \ubaa8\ub450 \uc18c\uc2a4\ucf54\ub4dc\ub97c github\uc5d0 \uc5c5\ub85c\ub4dc \ud569\ub2c8\ub2e4. \uac01 \ub3c4\uad6c\ub294 \uac01 github repository\uc5d0 \uc9c0\uc815\ub41c \ub77c\uc774\uc120\uc2a4 \ub97c \ub530\ub985\ub2c8\ub2e4. \uc800\ub294 github repository\uc5d0 BSD-2 \ub77c\uc774\uc120\uc2a4 \ub97c \uae30\ubcf8\uc73c\ub85c \uc9c0\uc815\ud574 \ub450\uc5c8\uc2b5\ub2c8\ub2e4.\",\"breadcrumb\":{\"@id\":\"https:\\\/\\\/prodskill.com\\\/tool-license\\\/#breadcrumb\"},\"inLanguage\":\"de\",\"potentialAction\":[{\"@type\":\"ReadAction\",\"target\":[\"https:\\\/\\\/prodskill.com\\\/tool-license\\\/\"]}]},{\"@type\":\"ImageObject\",\"inLanguage\":\"de\",\"@id\":\"https:\\\/\\\/prodskill.com\\\/tool-license\\\/#primaryimage\",\"url\":\"https:\\\/\\\/prodskill.com\\\/wp-content\\\/uploads\\\/2022\\\/10\\\/image-160.png\",\"contentUrl\":\"https:\\\/\\\/prodskill.com\\\/wp-content\\\/uploads\\\/2022\\\/10\\\/image-160.png\",\"width\":640,\"height\":226},{\"@type\":\"BreadcrumbList\",\"@id\":\"https:\\\/\\\/prodskill.com\\\/tool-license\\\/#breadcrumb\",\"itemListElement\":[{\"@type\":\"ListItem\",\"position\":1,\"name\":\"Home\",\"item\":\"https:\\\/\\\/prodskill.com\\\/ko\\\/\"},{\"@type\":\"ListItem\",\"position\":2,\"name\":\"[\uc911\uc694] \uacf5\uac1c\ud558\ub294 \ub3c4\uad6c\uc758 \ub77c\uc774\uc120\uc2a4\"}]},{\"@type\":\"WebSite\",\"@id\":\"https:\\\/\\\/prodskill.com\\\/ko\\\/#website\",\"url\":\"https:\\\/\\\/prodskill.com\\\/ko\\\/\",\"name\":\"\uc0dd\uc0b0\uc131 Skill\",\"description\":\"Meta Thinking, Meta Working\",\"publisher\":{\"@id\":\"https:\\\/\\\/prodskill.com\\\/ko\\\/#\\\/schema\\\/person\\\/bbad0870c78008c82edbe0960fe768bd\"},\"potentialAction\":[{\"@type\":\"SearchAction\",\"target\":{\"@type\":\"EntryPoint\",\"urlTemplate\":\"https:\\\/\\\/prodskill.com\\\/ko\\\/?s={search_term_string}\"},\"query-input\":{\"@type\":\"PropertyValueSpecification\",\"valueRequired\":true,\"valueName\":\"search_term_string\"}}],\"inLanguage\":\"de\"},{\"@type\":[\"Person\",\"Organization\"],\"@id\":\"https:\\\/\\\/prodskill.com\\\/ko\\\/#\\\/schema\\\/person\\\/bbad0870c78008c82edbe0960fe768bd\",\"name\":\"Zerom\",\"image\":{\"@type\":\"ImageObject\",\"inLanguage\":\"de\",\"@id\":\"https:\\\/\\\/prodskill.com\\\/wp-content\\\/uploads\\\/2022\\\/09\\\/productivity_clockgear.png\",\"url\":\"https:\\\/\\\/prodskill.com\\\/wp-content\\\/uploads\\\/2022\\\/09\\\/productivity_clockgear.png\",\"contentUrl\":\"https:\\\/\\\/prodskill.com\\\/wp-content\\\/uploads\\\/2022\\\/09\\\/productivity_clockgear.png\",\"width\":512,\"height\":512,\"caption\":\"Zerom\"},\"logo\":{\"@id\":\"https:\\\/\\\/prodskill.com\\\/wp-content\\\/uploads\\\/2022\\\/09\\\/productivity_clockgear.png\"}}]}<\/script>\n<!-- \/ Yoast SEO plugin. -->","yoast_head_json":{"title":"[\uc911\uc694] \uacf5\uac1c\ud558\ub294 \ub3c4\uad6c\uc758 \ub77c\uc774\uc120\uc2a4 - \uc0dd\uc0b0\uc131 Skill","description":"Alle von mir ver\u00f6ffentlichten Tools werden als Quellcode auf GitHub hochgeladen. Jedes Tool unterliegt der in seinem GitHub-Repository angegebenen Lizenz. Ich habe die BSD-2-Lizenz als Standard f\u00fcr mein GitHub-Repository festgelegt.","robots":{"index":"index","follow":"follow","max-snippet":"max-snippet:-1","max-image-preview":"max-image-preview:large","max-video-preview":"max-video-preview:-1"},"canonical":"https:\/\/prodskill.com\/de\/tool-license\/","og_locale":"de_DE","og_type":"article","og_title":"[\uc911\uc694] \uacf5\uac1c\ud558\ub294 \ub3c4\uad6c\uc758 \ub77c\uc774\uc120\uc2a4 - \uc0dd\uc0b0\uc131 Skill","og_description":"\uc81c\uac00 \uacf5\uac1c\ud558\ub294 \ub3c4\uad6c\ub4e4\uc740 \ubaa8\ub450 \uc18c\uc2a4\ucf54\ub4dc\ub97c github\uc5d0 \uc5c5\ub85c\ub4dc \ud569\ub2c8\ub2e4. \uac01 \ub3c4\uad6c\ub294 \uac01 github repository\uc5d0 \uc9c0\uc815\ub41c \ub77c\uc774\uc120\uc2a4 \ub97c \ub530\ub985\ub2c8\ub2e4. \uc800\ub294 github repository\uc5d0 BSD-2 \ub77c\uc774\uc120\uc2a4 \ub97c \uae30\ubcf8\uc73c\ub85c \uc9c0\uc815\ud574 \ub450\uc5c8\uc2b5\ub2c8\ub2e4.","og_url":"https:\/\/prodskill.com\/de\/tool-license\/","og_site_name":"\uc0dd\uc0b0\uc131 Skill","article_modified_time":"2022-10-27T09:44:47+00:00","og_image":[{"width":640,"height":226,"url":"https:\/\/prodskill.com\/wp-content\/uploads\/2022\/10\/image-160.png","type":"image\/png"}],"twitter_card":"summary_large_image","twitter_misc":{"Gesch\u00e4tzte Lesezeit":"4\u00a0Minuten"},"schema":{"@context":"https:\/\/schema.org","@graph":[{"@type":"WebPage","@id":"https:\/\/prodskill.com\/tool-license\/","url":"https:\/\/prodskill.com\/tool-license\/","name":"[\uc911\uc694] \uacf5\uac1c\ud558\ub294 \ub3c4\uad6c\uc758 \ub77c\uc774\uc120\uc2a4 - \uc0dd\uc0b0\uc131 Skill","isPartOf":{"@id":"https:\/\/prodskill.com\/ko\/#website"},"primaryImageOfPage":{"@id":"https:\/\/prodskill.com\/tool-license\/#primaryimage"},"image":{"@id":"https:\/\/prodskill.com\/tool-license\/#primaryimage"},"thumbnailUrl":"https:\/\/prodskill.com\/wp-content\/uploads\/2022\/10\/image-160.png","datePublished":"2022-10-27T09:39:00+00:00","dateModified":"2022-10-27T09:44:47+00:00","description":"Alle von mir ver\u00f6ffentlichten Tools werden als Quellcode auf GitHub hochgeladen. Jedes Tool unterliegt der in seinem GitHub-Repository angegebenen Lizenz. Ich habe die BSD-2-Lizenz als Standard f\u00fcr mein GitHub-Repository festgelegt.","breadcrumb":{"@id":"https:\/\/prodskill.com\/tool-license\/#breadcrumb"},"inLanguage":"de","potentialAction":[{"@type":"ReadAction","target":["https:\/\/prodskill.com\/tool-license\/"]}]},{"@type":"ImageObject","inLanguage":"de","@id":"https:\/\/prodskill.com\/tool-license\/#primaryimage","url":"https:\/\/prodskill.com\/wp-content\/uploads\/2022\/10\/image-160.png","contentUrl":"https:\/\/prodskill.com\/wp-content\/uploads\/2022\/10\/image-160.png","width":640,"height":226},{"@type":"BreadcrumbList","@id":"https:\/\/prodskill.com\/tool-license\/#breadcrumb","itemListElement":[{"@type":"ListItem","position":1,"name":"Home","item":"https:\/\/prodskill.com\/ko\/"},{"@type":"ListItem","position":2,"name":"[\uc911\uc694] \uacf5\uac1c\ud558\ub294 \ub3c4\uad6c\uc758 \ub77c\uc774\uc120\uc2a4"}]},{"@type":"WebSite","@id":"https:\/\/prodskill.com\/ko\/#website","url":"https:\/\/prodskill.com\/ko\/","name":"Produktivit\u00e4tsf\u00e4higkeiten","description":"Meta-Denken, Meta-Arbeiten","publisher":{"@id":"https:\/\/prodskill.com\/ko\/#\/schema\/person\/bbad0870c78008c82edbe0960fe768bd"},"potentialAction":[{"@type":"SearchAction","target":{"@type":"EntryPoint","urlTemplate":"https:\/\/prodskill.com\/ko\/?s={search_term_string}"},"query-input":{"@type":"PropertyValueSpecification","valueRequired":true,"valueName":"search_term_string"}}],"inLanguage":"de"},{"@type":["Person","Organization"],"@id":"https:\/\/prodskill.com\/ko\/#\/schema\/person\/bbad0870c78008c82edbe0960fe768bd","name":"Nullm","image":{"@type":"ImageObject","inLanguage":"de","@id":"https:\/\/prodskill.com\/wp-content\/uploads\/2022\/09\/productivity_clockgear.png","url":"https:\/\/prodskill.com\/wp-content\/uploads\/2022\/09\/productivity_clockgear.png","contentUrl":"https:\/\/prodskill.com\/wp-content\/uploads\/2022\/09\/productivity_clockgear.png","width":512,"height":512,"caption":"Zerom"},"logo":{"@id":"https:\/\/prodskill.com\/wp-content\/uploads\/2022\/09\/productivity_clockgear.png"}}]}},"_links":{"self":[{"href":"https:\/\/prodskill.com\/de\/wp-json\/wp\/v2\/pages\/12251","targetHints":{"allow":["GET"]}}],"collection":[{"href":"https:\/\/prodskill.com\/de\/wp-json\/wp\/v2\/pages"}],"about":[{"href":"https:\/\/prodskill.com\/de\/wp-json\/wp\/v2\/types\/page"}],"author":[{"embeddable":true,"href":"https:\/\/prodskill.com\/de\/wp-json\/wp\/v2\/users\/1"}],"replies":[{"embeddable":true,"href":"https:\/\/prodskill.com\/de\/wp-json\/wp\/v2\/comments?post=12251"}],"version-history":[{"count":0,"href":"https:\/\/prodskill.com\/de\/wp-json\/wp\/v2\/pages\/12251\/revisions"}],"wp:featuredmedia":[{"embeddable":true,"href":"https:\/\/prodskill.com\/de\/wp-json\/wp\/v2\/media\/12252"}],"wp:attachment":[{"href":"https:\/\/prodskill.com\/de\/wp-json\/wp\/v2\/media?parent=12251"}],"curies":[{"name":"wp","href":"https:\/\/api.w.org\/{rel}","templated":true}]}}